{"id":2106,"date":"2024-10-28T00:55:16","date_gmt":"2024-10-28T06:55:16","guid":{"rendered":"https:\/\/vallartaimhereforyou.com\/?page_id=2106"},"modified":"2024-11-19T23:28:37","modified_gmt":"2024-11-20T05:28:37","slug":"servicios-2","status":"publish","type":"page","link":"https:\/\/vallartaimhereforyou.com\/en\/servicios-2\/","title":{"rendered":"Services"},"content":{"rendered":"<div data-elementor-type=\"wp-page\" data-elementor-id=\"2106\" class=\"elementor elementor-2106\" data-elementor-post-type=\"page\">\n\t\t\t\t\t\t<section class=\"elementor-section elementor-top-section elementor-element elementor-element-78021fbc elementor-section-height-min-height elementor-section-boxed elementor-section-height-default elementor-section-items-middle\" data-id=\"78021fbc\" data-element_type=\"section\" data-settings=\"{&quot;background_background&quot;:&quot;classic&quot;}\">\n\t\t\t\t\t\t\t<div class=\"elementor-background-overlay\"><\/div>\n\t\t\t\t\t\t\t<div class=\"elementor-container elementor-column-gap-default\">\n\t\t\t\t\t<div class=\"elementor-column elementor-col-100 elementor-top-column elementor-element elementor-element-65168cf5\" data-id=\"65168cf5\" data-element_type=\"column\">\n\t\t\t<div class=\"elementor-widget-wrap elementor-element-populated\">\n\t\t\t\t\t\t<div class=\"elementor-element elementor-element-84e316c elementor-widget elementor-widget-heading\" data-id=\"84e316c\" data-element_type=\"widget\" data-widget_type=\"heading.default\">\n\t\t\t\t<div class=\"elementor-widget-container\">\n\t\t\t<h1 class=\"elementor-heading-title elementor-size-default\">Services<\/h1>\t\t<\/div>\n\t\t\t\t<\/div>\n\t\t\t\t<div class=\"elementor-element elementor-element-508712ad elementor-icon-list--layout-inline elementor-align-center elementor-list-item-link-full_width elementor-widget elementor-widget-icon-list\" data-id=\"508712ad\" data-element_type=\"widget\" data-widget_type=\"icon-list.default\">\n\t\t\t\t<div class=\"elementor-widget-container\">\n\t\t\t\t\t<ul class=\"elementor-icon-list-items elementor-inline-items\">\n\t\t\t\t\t\t\t<li class=\"elementor-icon-list-item elementor-inline-item\">\n\t\t\t\t\t\t\t\t\t\t<span class=\"elementor-icon-list-text\">Home<\/span>\n\t\t\t\t\t\t\t\t\t<\/li>\n\t\t\t\t\t\t\t\t<li class=\"elementor-icon-list-item elementor-inline-item\">\n\t\t\t\t\t\t\t\t\t\t\t<span class=\"elementor-icon-list-icon\">\n\t\t\t\t\t\t\t<svg aria-hidden=\"true\" class=\"e-font-icon-svg e-fas-caret-right\" viewbox=\"0 0 192 512\" xmlns=\"http:\/\/www.w3.org\/2000\/svg\"><path d=\"M0 384.662V127.338c0-17.818 21.543-26.741 34.142-14.142l128.662 128.662c7.81 7.81 7.81 20.474 0 28.284L34.142 398.804C21.543 411.404 0 402.48 0 384.662z\"><\/path><\/svg>\t\t\t\t\t\t<\/span>\n\t\t\t\t\t\t\t\t\t\t<span class=\"elementor-icon-list-text\">Services<\/span>\n\t\t\t\t\t\t\t\t\t<\/li>\n\t\t\t\t\t\t<\/ul>\n\t\t\t\t<\/div>\n\t\t\t\t<\/div>\n\t\t\t\t\t<\/div>\n\t\t<\/div>\n\t\t\t\t\t<\/div>\n\t\t<\/section>\n\t\t<div class=\"elementor-element elementor-element-8d055ff e-flex e-con-boxed e-con e-parent\" data-id=\"8d055ff\" data-element_type=\"container\">\n\t\t\t\t\t<div class=\"e-con-inner\">\n\t\t\t\t<div class=\"elementor-element elementor-element-430d98b elementor-widget elementor-widget-heading\" data-id=\"430d98b\" data-element_type=\"widget\" data-widget_type=\"heading.default\">\n\t\t\t\t<div class=\"elementor-widget-container\">\n\t\t\t<h2 class=\"elementor-heading-title elementor-size-default\">WE CARRY OUT PROCEDURES FOR YOU<\/h2>\t\t<\/div>\n\t\t\t\t<\/div>\n\t\t\t\t\t<\/div>\n\t\t\t\t<\/div>\n\t\t<div class=\"elementor-element elementor-element-d7509cd e-flex e-con-boxed e-con e-parent\" data-id=\"d7509cd\" data-element_type=\"container\">\n\t\t\t\t\t<div class=\"e-con-inner\">\n\t\t\t\t<div class=\"elementor-element elementor-element-91f201b elementor-widget elementor-widget-text-editor\" data-id=\"91f201b\" data-element_type=\"widget\" data-widget_type=\"text-editor.default\">\n\t\t\t\t<div class=\"elementor-widget-container\">\n\t\t\t\t\t\t\t<p>I will help you with:<\/p><pre id=\"tw-target-text\" class=\"tw-data-text tw-text-large tw-ta\" dir=\"ltr\" data-placeholder=\"Traducci\u00f3n\" data-ved=\"2ahUKEwisyseDlOqJAxV138kDHVwWKfoQ3ewLegQICRAV\" aria-label=\"Texto traducido: - contrato CFE- contrato seapal- IMMS Medicare-RFC- Compras- Transporte - Excursiones - Alquileres y Alojamiento- \u00a1Lo que necesites!\"><span class=\"Y2IQFc\" lang=\"es\">- CFE contract\n- Seapal contract\n- IMSS Medicare\n- RFC\n- Shopping\n- Transportation \n- Tours \n- Rentals and Lodging\n- Whatever you need!<\/span><\/pre>\t\t\t\t\t\t<\/div>\n\t\t\t\t<\/div>\n\t\t\t\t\t<\/div>\n\t\t\t\t<\/div>\n\t\t\t\t<section class=\"elementor-section elementor-top-section elementor-element elementor-element-2581f4a1 elementor-reverse-mobile elementor-section-boxed elementor-section-height-default elementor-section-height-default\" data-id=\"2581f4a1\" data-element_type=\"section\">\n\t\t\t\t\t\t<div class=\"elementor-container elementor-column-gap-default\">\n\t\t\t\t\t<div class=\"elementor-column elementor-col-50 elementor-top-column elementor-element elementor-element-55738e96\" data-id=\"55738e96\" data-element_type=\"column\">\n\t\t\t<div class=\"elementor-widget-wrap elementor-element-populated\">\n\t\t\t\t\t\t<div class=\"elementor-element elementor-element-166b3308 elementor-widget elementor-widget-image\" data-id=\"166b3308\" data-element_type=\"widget\" data-widget_type=\"image.default\">\n\t\t\t\t<div class=\"elementor-widget-container\">\n\t\t\t\t\t\t\t\t\t\t\t\t\t<img fetchpriority=\"high\" decoding=\"async\" width=\"225\" height=\"225\" src=\"https:\/\/vallartaimhereforyou.com\/wp-content\/uploads\/2024\/10\/cfe.png\" class=\"attachment-large size-large wp-image-2124\" alt=\"\" srcset=\"https:\/\/vallartaimhereforyou.com\/wp-content\/uploads\/2024\/10\/cfe.png 225w, https:\/\/vallartaimhereforyou.com\/wp-content\/uploads\/2024\/10\/cfe-150x150.png 150w, https:\/\/vallartaimhereforyou.com\/wp-content\/uploads\/2024\/10\/cfe-12x12.png 12w\" sizes=\"(max-width: 225px) 100vw, 225px\" \/>\t\t\t\t\t\t\t\t\t\t\t\t\t<\/div>\n\t\t\t\t<\/div>\n\t\t\t\t\t<\/div>\n\t\t<\/div>\n\t\t\t\t<div class=\"elementor-column elementor-col-50 elementor-top-column elementor-element elementor-element-569b0f56\" data-id=\"569b0f56\" data-element_type=\"column\">\n\t\t\t<div class=\"elementor-widget-wrap elementor-element-populated\">\n\t\t\t\t\t\t<div class=\"elementor-element elementor-element-334ae05e elementor-widget elementor-widget-heading\" data-id=\"334ae05e\" data-element_type=\"widget\" data-widget_type=\"heading.default\">\n\t\t\t\t<div class=\"elementor-widget-container\">\n\t\t\t<h2 class=\"elementor-heading-title elementor-size-default\">Light contract CFE<\/h2>\t\t<\/div>\n\t\t\t\t<\/div>\n\t\t\t\t<div class=\"elementor-element elementor-element-bae9a9e elementor-widget elementor-widget-text-editor\" data-id=\"bae9a9e\" data-element_type=\"widget\" data-widget_type=\"text-editor.default\">\n\t\t\t\t<div class=\"elementor-widget-container\">\n\t\t\t\t\t\t\t<p>We carry out the contract before CFE, as well as clarifications and any type of procedure before this instance.<\/p>\t\t\t\t\t\t<\/div>\n\t\t\t\t<\/div>\n\t\t\t\t\t<\/div>\n\t\t<\/div>\n\t\t\t\t\t<\/div>\n\t\t<\/section>\n\t\t\t\t<section class=\"elementor-section elementor-top-section elementor-element elementor-element-1a158987 elementor-section-boxed elementor-section-height-default elementor-section-height-default\" data-id=\"1a158987\" data-element_type=\"section\">\n\t\t\t\t\t\t<div class=\"elementor-container elementor-column-gap-default\">\n\t\t\t\t\t<div class=\"elementor-column elementor-col-50 elementor-top-column elementor-element elementor-element-8927374\" data-id=\"8927374\" data-element_type=\"column\">\n\t\t\t<div class=\"elementor-widget-wrap elementor-element-populated\">\n\t\t\t\t\t\t<div class=\"elementor-element elementor-element-589da507 elementor-widget elementor-widget-heading\" data-id=\"589da507\" data-element_type=\"widget\" data-widget_type=\"heading.default\">\n\t\t\t\t<div class=\"elementor-widget-container\">\n\t\t\t<h2 class=\"elementor-heading-title elementor-size-default\">Water contract<\/h2>\t\t<\/div>\n\t\t\t\t<\/div>\n\t\t\t\t<div class=\"elementor-element elementor-element-98a3335 elementor-widget elementor-widget-text-editor\" data-id=\"98a3335\" data-element_type=\"widget\" data-widget_type=\"text-editor.default\">\n\t\t\t\t<div class=\"elementor-widget-container\">\n\t\t\t\t\t\t\t<p>Contracts or clarifications before SEAPAL, we support you.<\/p>\t\t\t\t\t\t<\/div>\n\t\t\t\t<\/div>\n\t\t\t\t\t<\/div>\n\t\t<\/div>\n\t\t\t\t<div class=\"elementor-column elementor-col-50 elementor-top-column elementor-element elementor-element-19037e77\" data-id=\"19037e77\" data-element_type=\"column\">\n\t\t\t<div class=\"elementor-widget-wrap elementor-element-populated\">\n\t\t\t\t\t\t<div class=\"elementor-element elementor-element-39e93955 elementor-widget elementor-widget-image\" data-id=\"39e93955\" data-element_type=\"widget\" data-widget_type=\"image.default\">\n\t\t\t\t<div class=\"elementor-widget-container\">\n\t\t\t\t\t\t\t\t\t\t\t\t\t<img decoding=\"async\" width=\"800\" height=\"533\" src=\"https:\/\/vallartaimhereforyou.com\/wp-content\/uploads\/2024\/10\/contratoAgua-1024x682.jpg\" class=\"attachment-large size-large wp-image-2126\" alt=\"\" srcset=\"https:\/\/vallartaimhereforyou.com\/wp-content\/uploads\/2024\/10\/contratoAgua-1024x682.jpg 1024w, https:\/\/vallartaimhereforyou.com\/wp-content\/uploads\/2024\/10\/contratoAgua-300x200.jpg 300w, https:\/\/vallartaimhereforyou.com\/wp-content\/uploads\/2024\/10\/contratoAgua-768x512.jpg 768w, https:\/\/vallartaimhereforyou.com\/wp-content\/uploads\/2024\/10\/contratoAgua-18x12.jpg 18w, https:\/\/vallartaimhereforyou.com\/wp-content\/uploads\/2024\/10\/contratoAgua.jpg 1265w\" sizes=\"(max-width: 800px) 100vw, 800px\" \/>\t\t\t\t\t\t\t\t\t\t\t\t\t<\/div>\n\t\t\t\t<\/div>\n\t\t\t\t\t<\/div>\n\t\t<\/div>\n\t\t\t\t\t<\/div>\n\t\t<\/section>\n\t\t\t\t<section class=\"elementor-section elementor-top-section elementor-element elementor-element-1f2da5e elementor-reverse-mobile elementor-section-boxed elementor-section-height-default elementor-section-height-default\" data-id=\"1f2da5e\" data-element_type=\"section\">\n\t\t\t\t\t\t<div class=\"elementor-container elementor-column-gap-default\">\n\t\t\t\t\t<div class=\"elementor-column elementor-col-50 elementor-top-column elementor-element elementor-element-dbc6dab\" data-id=\"dbc6dab\" data-element_type=\"column\">\n\t\t\t<div class=\"elementor-widget-wrap elementor-element-populated\">\n\t\t\t\t\t\t<div class=\"elementor-element elementor-element-ce46bd3 elementor-widget elementor-widget-image\" data-id=\"ce46bd3\" data-element_type=\"widget\" data-widget_type=\"image.default\">\n\t\t\t\t<div class=\"elementor-widget-container\">\n\t\t\t\t\t\t\t\t\t\t\t\t\t<img decoding=\"async\" width=\"259\" height=\"194\" src=\"https:\/\/vallartaimhereforyou.com\/wp-content\/uploads\/2024\/10\/traduccion.png\" class=\"attachment-2048x2048 size-2048x2048 wp-image-2127\" alt=\"\" srcset=\"https:\/\/vallartaimhereforyou.com\/wp-content\/uploads\/2024\/10\/traduccion.png 259w, https:\/\/vallartaimhereforyou.com\/wp-content\/uploads\/2024\/10\/traduccion-16x12.png 16w\" sizes=\"(max-width: 259px) 100vw, 259px\" \/>\t\t\t\t\t\t\t\t\t\t\t\t\t<\/div>\n\t\t\t\t<\/div>\n\t\t\t\t\t<\/div>\n\t\t<\/div>\n\t\t\t\t<div class=\"elementor-column elementor-col-50 elementor-top-column elementor-element elementor-element-79355a1\" data-id=\"79355a1\" data-element_type=\"column\">\n\t\t\t<div class=\"elementor-widget-wrap elementor-element-populated\">\n\t\t\t\t\t\t<div class=\"elementor-element elementor-element-21e3c6a elementor-widget elementor-widget-heading\" data-id=\"21e3c6a\" data-element_type=\"widget\" data-widget_type=\"heading.default\">\n\t\t\t\t<div class=\"elementor-widget-container\">\n\t\t\t<h2 class=\"elementor-heading-title elementor-size-default\">Translation<\/h2>\t\t<\/div>\n\t\t\t\t<\/div>\n\t\t\t\t<div class=\"elementor-element elementor-element-03a6ba0 elementor-widget elementor-widget-text-editor\" data-id=\"03a6ba0\" data-element_type=\"widget\" data-widget_type=\"text-editor.default\">\n\t\t\t\t<div class=\"elementor-widget-container\">\n\t\t\t\t\t\t\t<p>We have a document translation service or translators for any event. <\/p>\t\t\t\t\t\t<\/div>\n\t\t\t\t<\/div>\n\t\t\t\t\t<\/div>\n\t\t<\/div>\n\t\t\t\t\t<\/div>\n\t\t<\/section>\n\t\t\t\t<section class=\"elementor-section elementor-top-section elementor-element elementor-element-d94da3c elementor-section-boxed elementor-section-height-default elementor-section-height-default\" data-id=\"d94da3c\" data-element_type=\"section\">\n\t\t\t\t\t\t<div class=\"elementor-container elementor-column-gap-default\">\n\t\t\t\t\t<div class=\"elementor-column elementor-col-50 elementor-top-column elementor-element elementor-element-69f7ccf\" data-id=\"69f7ccf\" data-element_type=\"column\">\n\t\t\t<div class=\"elementor-widget-wrap elementor-element-populated\">\n\t\t\t\t\t\t<div class=\"elementor-element elementor-element-7128b69 elementor-widget elementor-widget-heading\" data-id=\"7128b69\" data-element_type=\"widget\" data-widget_type=\"heading.default\">\n\t\t\t\t<div class=\"elementor-widget-container\">\n\t\t\t<h2 class=\"elementor-heading-title elementor-size-default\">Transportation<\/h2>\t\t<\/div>\n\t\t\t\t<\/div>\n\t\t\t\t<div class=\"elementor-element elementor-element-991da3f elementor-widget elementor-widget-text-editor\" data-id=\"991da3f\" data-element_type=\"widget\" data-widget_type=\"text-editor.default\">\n\t\t\t\t<div class=\"elementor-widget-container\">\n\t\t\t\t\t\t\t<p>Personal or group transportation service, we always have the best option.<\/p>\t\t\t\t\t\t<\/div>\n\t\t\t\t<\/div>\n\t\t\t\t\t<\/div>\n\t\t<\/div>\n\t\t\t\t<div class=\"elementor-column elementor-col-50 elementor-top-column elementor-element elementor-element-8b8af4d\" data-id=\"8b8af4d\" data-element_type=\"column\">\n\t\t\t<div class=\"elementor-widget-wrap elementor-element-populated\">\n\t\t\t\t\t\t<div class=\"elementor-element elementor-element-c7cbff6 elementor-widget elementor-widget-image\" data-id=\"c7cbff6\" data-element_type=\"widget\" data-widget_type=\"image.default\">\n\t\t\t\t<div class=\"elementor-widget-container\">\n\t\t\t\t\t\t\t\t\t\t\t\t\t<img loading=\"lazy\" decoding=\"async\" width=\"512\" height=\"512\" src=\"https:\/\/vallartaimhereforyou.com\/wp-content\/uploads\/2024\/10\/transporte.png\" class=\"attachment-large size-large wp-image-2132\" alt=\"\" srcset=\"https:\/\/vallartaimhereforyou.com\/wp-content\/uploads\/2024\/10\/transporte.png 512w, https:\/\/vallartaimhereforyou.com\/wp-content\/uploads\/2024\/10\/transporte-300x300.png 300w, https:\/\/vallartaimhereforyou.com\/wp-content\/uploads\/2024\/10\/transporte-150x150.png 150w, https:\/\/vallartaimhereforyou.com\/wp-content\/uploads\/2024\/10\/transporte-12x12.png 12w\" sizes=\"(max-width: 512px) 100vw, 512px\" \/>\t\t\t\t\t\t\t\t\t\t\t\t\t<\/div>\n\t\t\t\t<\/div>\n\t\t\t\t\t<\/div>\n\t\t<\/div>\n\t\t\t\t\t<\/div>\n\t\t<\/section>\n\t\t\t\t<\/div>","protected":false},"excerpt":{"rendered":"<p>Home REALIZAMOS TR\u00c1MITES POR T\u00cd Podemos ayudarte con: &#8211; Contrato CFE &#8211; Contrato Seapal &#8211; Servicio m\u00e9dico IMSS &#8211; RFC &#8211; Compras &#8211; Transporte &#8211; Excursiones &#8211; Alquileres y Alojamiento &#8211; \u00a1Lo que necesites! Contrato de luz CFE Realizamos el contrato ante CFE, as\u00ed como aclaraciones y cualquier tipo de tr\u00e1mite ante esta instancia. Contrato [&hellip;]<\/p>","protected":false},"author":3,"featured_media":0,"parent":0,"menu_order":0,"comment_status":"closed","ping_status":"closed","template":"","meta":{"_glsr_average":0,"_glsr_ranking":0,"_glsr_reviews":0,"footnotes":""},"class_list":["post-2106","page","type-page","status-publish","hentry"],"_links":{"self":[{"href":"https:\/\/vallartaimhereforyou.com\/en\/wp-json\/wp\/v2\/pages\/2106"}],"collection":[{"href":"https:\/\/vallartaimhereforyou.com\/en\/wp-json\/wp\/v2\/pages"}],"about":[{"href":"https:\/\/vallartaimhereforyou.com\/en\/wp-json\/wp\/v2\/types\/page"}],"author":[{"embeddable":true,"href":"https:\/\/vallartaimhereforyou.com\/en\/wp-json\/wp\/v2\/users\/3"}],"replies":[{"embeddable":true,"href":"https:\/\/vallartaimhereforyou.com\/en\/wp-json\/wp\/v2\/comments?post=2106"}],"version-history":[{"count":34,"href":"https:\/\/vallartaimhereforyou.com\/en\/wp-json\/wp\/v2\/pages\/2106\/revisions"}],"predecessor-version":[{"id":2202,"href":"https:\/\/vallartaimhereforyou.com\/en\/wp-json\/wp\/v2\/pages\/2106\/revisions\/2202"}],"wp:attachment":[{"href":"https:\/\/vallartaimhereforyou.com\/en\/wp-json\/wp\/v2\/media?parent=2106"}],"curies":[{"name":"wp","href":"https:\/\/api.w.org\/{rel}","templated":true}]}}