{"id":1668,"date":"2024-09-14T14:48:13","date_gmt":"2024-09-14T20:48:13","guid":{"rendered":"https:\/\/vallartaimhereforyou.com\/?page_id=1668"},"modified":"2024-10-14T22:06:08","modified_gmt":"2024-10-15T04:06:08","slug":"verito","status":"publish","type":"page","link":"https:\/\/vallartaimhereforyou.com\/en\/verito\/","title":{"rendered":"Verito House"},"content":{"rendered":"<div data-elementor-type=\"wp-page\" data-elementor-id=\"1668\" class=\"elementor elementor-1668\" data-elementor-post-type=\"page\">\n\t\t\t\t\t\t<section class=\"elementor-section elementor-top-section elementor-element elementor-element-3a8b91c6 elementor-section-height-min-height elementor-section-boxed elementor-section-height-default elementor-section-items-middle\" data-id=\"3a8b91c6\" data-element_type=\"section\" data-settings=\"{&quot;background_background&quot;:&quot;classic&quot;}\">\n\t\t\t\t\t\t\t<div class=\"elementor-background-overlay\"><\/div>\n\t\t\t\t\t\t\t<div class=\"elementor-container elementor-column-gap-default\">\n\t\t\t\t\t<div class=\"elementor-column elementor-col-100 elementor-top-column elementor-element elementor-element-2cb08f5\" data-id=\"2cb08f5\" data-element_type=\"column\">\n\t\t\t<div class=\"elementor-widget-wrap elementor-element-populated\">\n\t\t\t\t\t\t<div class=\"elementor-element elementor-element-40952e4a elementor-widget elementor-widget-heading\" data-id=\"40952e4a\" data-element_type=\"widget\" data-widget_type=\"heading.default\">\n\t\t\t\t<div class=\"elementor-widget-container\">\n\t\t\t<h1 class=\"elementor-heading-title elementor-size-default\">Verito House<\/h1>\t\t<\/div>\n\t\t\t\t<\/div>\n\t\t\t\t\t<\/div>\n\t\t<\/div>\n\t\t\t\t\t<\/div>\n\t\t<\/section>\n\t\t\t\t<section class=\"elementor-section elementor-top-section elementor-element elementor-element-18cf9fd5 elementor-section-boxed elementor-section-height-default elementor-section-height-default\" data-id=\"18cf9fd5\" data-element_type=\"section\">\n\t\t\t\t\t\t<div class=\"elementor-container elementor-column-gap-default\">\n\t\t\t\t\t<div class=\"elementor-column elementor-col-100 elementor-top-column elementor-element elementor-element-d5ecb3c\" data-id=\"d5ecb3c\" data-element_type=\"column\">\n\t\t\t<div class=\"elementor-widget-wrap elementor-element-populated\">\n\t\t\t\t\t\t<div class=\"elementor-element elementor-element-482cda2f elementor-headline--style-highlight elementor-widget elementor-widget-animated-headline\" data-id=\"482cda2f\" data-element_type=\"widget\" data-settings=\"{&quot;marker&quot;:&quot;underline_zigzag&quot;,&quot;highlighted_text&quot;:&quot;disfrutar tu visita a Vallarta&quot;,&quot;headline_style&quot;:&quot;highlight&quot;,&quot;loop&quot;:&quot;yes&quot;,&quot;highlight_animation_duration&quot;:1200,&quot;highlight_iteration_delay&quot;:8000}\" data-widget_type=\"animated-headline.default\">\n\t\t\t\t<div class=\"elementor-widget-container\">\n\t\t\t\t\t<h2 class=\"elementor-headline\">\n\t\t\t\t\t<span class=\"elementor-headline-plain-text elementor-headline-text-wrapper\">The best experience for <\/span>\n\t\t\t\t<span class=\"elementor-headline-dynamic-wrapper elementor-headline-text-wrapper\">\n\t\t\t\t\t<span class=\"elementor-headline-dynamic-text elementor-headline-text-active\">enjoy your visit to Vallarta<\/span>\n\t\t\t\t<\/span>\n\t\t\t\t<\/h2>\n\t\t\t\t<\/div>\n\t\t\t\t<\/div>\n\t\t\t\t\t<\/div>\n\t\t<\/div>\n\t\t\t\t\t<\/div>\n\t\t<\/section>\n\t\t\t\t<section class=\"elementor-section elementor-top-section elementor-element elementor-element-7c1fdedb elementor-section-boxed elementor-section-height-default elementor-section-height-default\" data-id=\"7c1fdedb\" data-element_type=\"section\" data-settings=\"{&quot;background_background&quot;:&quot;classic&quot;}\">\n\t\t\t\t\t\t\t<div class=\"elementor-background-overlay\"><\/div>\n\t\t\t\t\t\t\t<div class=\"elementor-container elementor-column-gap-default\">\n\t\t\t\t\t<div class=\"elementor-column elementor-col-100 elementor-top-column elementor-element elementor-element-283b5840\" data-id=\"283b5840\" data-element_type=\"column\">\n\t\t\t<div class=\"elementor-widget-wrap elementor-element-populated\">\n\t\t\t\t\t\t<section class=\"elementor-section elementor-inner-section elementor-element elementor-element-3eb55b41 elementor-section-boxed elementor-section-height-default elementor-section-height-default\" data-id=\"3eb55b41\" data-element_type=\"section\">\n\t\t\t\t\t\t<div class=\"elementor-container elementor-column-gap-default\">\n\t\t\t\t\t<div class=\"elementor-column elementor-col-33 elementor-inner-column elementor-element elementor-element-677c096\" data-id=\"677c096\" data-element_type=\"column\">\n\t\t\t<div class=\"elementor-widget-wrap elementor-element-populated\">\n\t\t\t\t\t\t<div class=\"elementor-element elementor-element-50fc401e elementor-widget elementor-widget-image\" data-id=\"50fc401e\" data-element_type=\"widget\" data-widget_type=\"image.default\">\n\t\t\t\t<div class=\"elementor-widget-container\">\n\t\t\t\t\t\t\t\t\t\t\t\t\t<img fetchpriority=\"high\" decoding=\"async\" width=\"746\" height=\"1024\" src=\"https:\/\/vallartaimhereforyou.com\/wp-content\/uploads\/2024\/09\/Verito12-746x1024.jpg\" class=\"attachment-large size-large wp-image-1683\" alt=\"\" srcset=\"https:\/\/vallartaimhereforyou.com\/wp-content\/uploads\/2024\/09\/Verito12-746x1024.jpg 746w, https:\/\/vallartaimhereforyou.com\/wp-content\/uploads\/2024\/09\/Verito12-218x300.jpg 218w, https:\/\/vallartaimhereforyou.com\/wp-content\/uploads\/2024\/09\/Verito12-768x1055.jpg 768w, https:\/\/vallartaimhereforyou.com\/wp-content\/uploads\/2024\/09\/Verito12.jpg 932w\" sizes=\"(max-width: 746px) 100vw, 746px\" \/>\t\t\t\t\t\t\t\t\t\t\t\t\t<\/div>\n\t\t\t\t<\/div>\n\t\t\t\t<div class=\"elementor-element elementor-element-5faaacb5 elementor-widget__width-initial elementor-widget elementor-widget-image\" data-id=\"5faaacb5\" data-element_type=\"widget\" data-widget_type=\"image.default\">\n\t\t\t\t<div class=\"elementor-widget-container\">\n\t\t\t\t\t\t\t\t\t\t\t\t\t<img decoding=\"async\" width=\"768\" height=\"954\" src=\"https:\/\/vallartaimhereforyou.com\/wp-content\/uploads\/2024\/09\/verito1-768x954.jpg\" class=\"attachment-medium_large size-medium_large wp-image-1672\" alt=\"\" srcset=\"https:\/\/vallartaimhereforyou.com\/wp-content\/uploads\/2024\/09\/verito1-768x954.jpg 768w, https:\/\/vallartaimhereforyou.com\/wp-content\/uploads\/2024\/09\/verito1-241x300.jpg 241w, https:\/\/vallartaimhereforyou.com\/wp-content\/uploads\/2024\/09\/verito1-824x1024.jpg 824w, https:\/\/vallartaimhereforyou.com\/wp-content\/uploads\/2024\/09\/verito1.jpg 1030w\" sizes=\"(max-width: 768px) 100vw, 768px\" \/>\t\t\t\t\t\t\t\t\t\t\t\t\t<\/div>\n\t\t\t\t<\/div>\n\t\t\t\t\t<\/div>\n\t\t<\/div>\n\t\t\t\t<div class=\"elementor-column elementor-col-33 elementor-inner-column elementor-element elementor-element-7b4ef544\" data-id=\"7b4ef544\" data-element_type=\"column\">\n\t\t\t<div class=\"elementor-widget-wrap elementor-element-populated\">\n\t\t\t\t\t\t<div class=\"elementor-element elementor-element-62373e48 elementor-widget elementor-widget-image\" data-id=\"62373e48\" data-element_type=\"widget\" data-widget_type=\"image.default\">\n\t\t\t\t<div class=\"elementor-widget-container\">\n\t\t\t\t\t\t\t\t\t\t\t\t\t<img decoding=\"async\" width=\"768\" height=\"972\" src=\"https:\/\/vallartaimhereforyou.com\/wp-content\/uploads\/2024\/09\/Verito5-768x972.jpg\" class=\"attachment-medium_large size-medium_large wp-image-1676\" alt=\"\" srcset=\"https:\/\/vallartaimhereforyou.com\/wp-content\/uploads\/2024\/09\/Verito5-768x972.jpg 768w, https:\/\/vallartaimhereforyou.com\/wp-content\/uploads\/2024\/09\/Verito5-237x300.jpg 237w, https:\/\/vallartaimhereforyou.com\/wp-content\/uploads\/2024\/09\/Verito5-809x1024.jpg 809w, https:\/\/vallartaimhereforyou.com\/wp-content\/uploads\/2024\/09\/Verito5-1213x1536.jpg 1213w, https:\/\/vallartaimhereforyou.com\/wp-content\/uploads\/2024\/09\/Verito5.jpg 1264w\" sizes=\"(max-width: 768px) 100vw, 768px\" \/>\t\t\t\t\t\t\t\t\t\t\t\t\t<\/div>\n\t\t\t\t<\/div>\n\t\t\t\t\t<\/div>\n\t\t<\/div>\n\t\t\t\t<div class=\"elementor-column elementor-col-33 elementor-inner-column elementor-element elementor-element-1331ef2e\" data-id=\"1331ef2e\" data-element_type=\"column\">\n\t\t\t<div class=\"elementor-widget-wrap elementor-element-populated\">\n\t\t\t\t\t\t<div class=\"elementor-element elementor-element-1954cc08 elementor-widget elementor-widget-image\" data-id=\"1954cc08\" data-element_type=\"widget\" data-widget_type=\"image.default\">\n\t\t\t\t<div class=\"elementor-widget-container\">\n\t\t\t\t\t\t\t\t\t\t\t\t\t<img loading=\"lazy\" decoding=\"async\" width=\"800\" height=\"1013\" src=\"https:\/\/vallartaimhereforyou.com\/wp-content\/uploads\/2024\/09\/Verito2-809x1024.jpg\" class=\"attachment-large size-large wp-image-1673\" alt=\"\" srcset=\"https:\/\/vallartaimhereforyou.com\/wp-content\/uploads\/2024\/09\/Verito2-809x1024.jpg 809w, https:\/\/vallartaimhereforyou.com\/wp-content\/uploads\/2024\/09\/Verito2-237x300.jpg 237w, https:\/\/vallartaimhereforyou.com\/wp-content\/uploads\/2024\/09\/Verito2-768x972.jpg 768w, https:\/\/vallartaimhereforyou.com\/wp-content\/uploads\/2024\/09\/Verito2-1213x1536.jpg 1213w, https:\/\/vallartaimhereforyou.com\/wp-content\/uploads\/2024\/09\/Verito2.jpg 1264w\" sizes=\"(max-width: 800px) 100vw, 800px\" \/>\t\t\t\t\t\t\t\t\t\t\t\t\t<\/div>\n\t\t\t\t<\/div>\n\t\t\t\t\t<\/div>\n\t\t<\/div>\n\t\t\t\t\t<\/div>\n\t\t<\/section>\n\t\t\t\t<div class=\"elementor-element elementor-element-26a7e044 elementor-widget elementor-widget-heading\" data-id=\"26a7e044\" data-element_type=\"widget\" data-widget_type=\"heading.default\">\n\t\t\t\t<div class=\"elementor-widget-container\">\n\t\t\t<h2 class=\"elementor-heading-title elementor-size-default\">Get to know us<\/h2>\t\t<\/div>\n\t\t\t\t<\/div>\n\t\t\t\t<div class=\"elementor-element elementor-element-2ab5e95c elementor-widget elementor-widget-text-editor\" data-id=\"2ab5e95c\" data-element_type=\"widget\" data-widget_type=\"text-editor.default\">\n\t\t\t\t<div class=\"elementor-widget-container\">\n\t\t\t\t\t\t\t<ul><li style=\"text-align: left;\">Bedroom with king bed.<\/li><li style=\"text-align: left;\">Bathroom with shower.<\/li><li style=\"text-align: left;\">Integrated kitchenette.<\/li><li style=\"text-align: left;\">Mini bar refrigerator<\/li><li style=\"text-align: left;\">Air conditioning in the bedroom.<\/li><li style=\"text-align: left;\">Washing machine.<\/li><li style=\"text-align: left;\">Spit.<\/li><li style=\"text-align: left;\">Balcony<\/li><li style=\"text-align: left;\">Wifi . Smart Tv.<\/li><\/ul><p style=\"text-align: left;\">Includes necessary kitchen utensils for 2 people.<\/p>\t\t\t\t\t\t<\/div>\n\t\t\t\t<\/div>\n\t\t\t\t\t<\/div>\n\t\t<\/div>\n\t\t\t\t\t<\/div>\n\t\t<\/section>\n\t\t\t\t<section class=\"elementor-section elementor-top-section elementor-element elementor-element-1e92918e elementor-section-boxed elementor-section-height-default elementor-section-height-default\" data-id=\"1e92918e\" data-element_type=\"section\">\n\t\t\t\t\t\t<div class=\"elementor-container elementor-column-gap-default\">\n\t\t\t\t\t<div class=\"elementor-column elementor-col-33 elementor-top-column elementor-element elementor-element-69a18416\" data-id=\"69a18416\" data-element_type=\"column\">\n\t\t\t<div class=\"elementor-widget-wrap elementor-element-populated\">\n\t\t\t\t\t\t<div class=\"elementor-element elementor-element-226e8e56 elementor-widget elementor-widget-image\" data-id=\"226e8e56\" data-element_type=\"widget\" data-widget_type=\"image.default\">\n\t\t\t\t<div class=\"elementor-widget-container\">\n\t\t\t\t\t\t\t\t\t\t\t\t\t<img loading=\"lazy\" decoding=\"async\" width=\"714\" height=\"1024\" src=\"https:\/\/vallartaimhereforyou.com\/wp-content\/uploads\/2024\/09\/Verito11-714x1024.jpg\" class=\"attachment-large size-large wp-image-1682\" alt=\"\" srcset=\"https:\/\/vallartaimhereforyou.com\/wp-content\/uploads\/2024\/09\/Verito11-714x1024.jpg 714w, https:\/\/vallartaimhereforyou.com\/wp-content\/uploads\/2024\/09\/Verito11-209x300.jpg 209w, https:\/\/vallartaimhereforyou.com\/wp-content\/uploads\/2024\/09\/Verito11-768x1102.jpg 768w, https:\/\/vallartaimhereforyou.com\/wp-content\/uploads\/2024\/09\/Verito11-1070x1536.jpg 1070w, https:\/\/vallartaimhereforyou.com\/wp-content\/uploads\/2024\/09\/Verito11.jpg 1115w\" sizes=\"(max-width: 714px) 100vw, 714px\" \/>\t\t\t\t\t\t\t\t\t\t\t\t\t<\/div>\n\t\t\t\t<\/div>\n\t\t\t\t\t<\/div>\n\t\t<\/div>\n\t\t\t\t<div class=\"elementor-column elementor-col-33 elementor-top-column elementor-element elementor-element-6187686d\" data-id=\"6187686d\" data-element_type=\"column\">\n\t\t\t<div class=\"elementor-widget-wrap elementor-element-populated\">\n\t\t\t\t\t\t<div class=\"elementor-element elementor-element-1113fcec elementor-widget elementor-widget-image\" data-id=\"1113fcec\" data-element_type=\"widget\" data-widget_type=\"image.default\">\n\t\t\t\t<div class=\"elementor-widget-container\">\n\t\t\t\t\t\t\t\t\t\t\t\t\t<img loading=\"lazy\" decoding=\"async\" width=\"768\" height=\"1024\" src=\"https:\/\/vallartaimhereforyou.com\/wp-content\/uploads\/2024\/09\/Verito9-768x1024.jpg\" class=\"attachment-large size-large wp-image-1680\" alt=\"\" srcset=\"https:\/\/vallartaimhereforyou.com\/wp-content\/uploads\/2024\/09\/Verito9-768x1024.jpg 768w, https:\/\/vallartaimhereforyou.com\/wp-content\/uploads\/2024\/09\/Verito9-225x300.jpg 225w, https:\/\/vallartaimhereforyou.com\/wp-content\/uploads\/2024\/09\/Verito9-1152x1536.jpg 1152w, https:\/\/vallartaimhereforyou.com\/wp-content\/uploads\/2024\/09\/Verito9.jpg 1200w\" sizes=\"(max-width: 768px) 100vw, 768px\" \/>\t\t\t\t\t\t\t\t\t\t\t\t\t<\/div>\n\t\t\t\t<\/div>\n\t\t\t\t\t<\/div>\n\t\t<\/div>\n\t\t\t\t<div class=\"elementor-column elementor-col-33 elementor-top-column elementor-element elementor-element-7c28a816\" data-id=\"7c28a816\" data-element_type=\"column\">\n\t\t\t<div class=\"elementor-widget-wrap elementor-element-populated\">\n\t\t\t\t\t\t<div class=\"elementor-element elementor-element-4d701e3 elementor-widget elementor-widget-image\" data-id=\"4d701e3\" data-element_type=\"widget\" data-widget_type=\"image.default\">\n\t\t\t\t<div class=\"elementor-widget-container\">\n\t\t\t\t\t\t\t\t\t\t\t\t\t<img loading=\"lazy\" decoding=\"async\" width=\"800\" height=\"1023\" src=\"https:\/\/vallartaimhereforyou.com\/wp-content\/uploads\/2024\/09\/Verito8-801x1024.jpg\" class=\"attachment-large size-large wp-image-1679\" alt=\"\" srcset=\"https:\/\/vallartaimhereforyou.com\/wp-content\/uploads\/2024\/09\/Verito8-801x1024.jpg 801w, https:\/\/vallartaimhereforyou.com\/wp-content\/uploads\/2024\/09\/Verito8-235x300.jpg 235w, https:\/\/vallartaimhereforyou.com\/wp-content\/uploads\/2024\/09\/Verito8-768x982.jpg 768w, https:\/\/vallartaimhereforyou.com\/wp-content\/uploads\/2024\/09\/Verito8-1201x1536.jpg 1201w, https:\/\/vallartaimhereforyou.com\/wp-content\/uploads\/2024\/09\/Verito8.jpg 1251w\" sizes=\"(max-width: 800px) 100vw, 800px\" \/>\t\t\t\t\t\t\t\t\t\t\t\t\t<\/div>\n\t\t\t\t<\/div>\n\t\t\t\t\t<\/div>\n\t\t<\/div>\n\t\t\t\t\t<\/div>\n\t\t<\/section>\n\t\t\t\t<section class=\"elementor-section elementor-top-section elementor-element elementor-element-9ebd496 elementor-section-boxed elementor-section-height-default elementor-section-height-default\" data-id=\"9ebd496\" data-element_type=\"section\">\n\t\t\t\t\t\t<div class=\"elementor-container elementor-column-gap-default\">\n\t\t\t\t\t<div class=\"elementor-column elementor-col-33 elementor-top-column elementor-element elementor-element-1700129\" data-id=\"1700129\" data-element_type=\"column\">\n\t\t\t<div class=\"elementor-widget-wrap elementor-element-populated\">\n\t\t\t\t\t\t<div class=\"elementor-element elementor-element-c7adcc5 elementor-widget elementor-widget-image\" data-id=\"c7adcc5\" data-element_type=\"widget\" data-widget_type=\"image.default\">\n\t\t\t\t<div class=\"elementor-widget-container\">\n\t\t\t\t\t\t\t\t\t\t\t\t\t<img loading=\"lazy\" decoding=\"async\" width=\"710\" height=\"1024\" src=\"https:\/\/vallartaimhereforyou.com\/wp-content\/uploads\/2024\/09\/Verito6-710x1024.jpg\" class=\"attachment-large size-large wp-image-1677\" alt=\"\" srcset=\"https:\/\/vallartaimhereforyou.com\/wp-content\/uploads\/2024\/09\/Verito6-710x1024.jpg 710w, https:\/\/vallartaimhereforyou.com\/wp-content\/uploads\/2024\/09\/Verito6-208x300.jpg 208w, https:\/\/vallartaimhereforyou.com\/wp-content\/uploads\/2024\/09\/Verito6-768x1107.jpg 768w, https:\/\/vallartaimhereforyou.com\/wp-content\/uploads\/2024\/09\/Verito6-1066x1536.jpg 1066w, https:\/\/vallartaimhereforyou.com\/wp-content\/uploads\/2024\/09\/Verito6.jpg 1110w\" sizes=\"(max-width: 710px) 100vw, 710px\" \/>\t\t\t\t\t\t\t\t\t\t\t\t\t<\/div>\n\t\t\t\t<\/div>\n\t\t\t\t\t<\/div>\n\t\t<\/div>\n\t\t\t\t<div class=\"elementor-column elementor-col-33 elementor-top-column elementor-element elementor-element-3f32663\" data-id=\"3f32663\" data-element_type=\"column\">\n\t\t\t<div class=\"elementor-widget-wrap elementor-element-populated\">\n\t\t\t\t\t\t<div class=\"elementor-element elementor-element-c623cdb elementor-widget elementor-widget-image\" data-id=\"c623cdb\" data-element_type=\"widget\" data-widget_type=\"image.default\">\n\t\t\t\t<div class=\"elementor-widget-container\">\n\t\t\t\t\t\t\t\t\t\t\t\t\t<img loading=\"lazy\" decoding=\"async\" width=\"768\" height=\"1024\" src=\"https:\/\/vallartaimhereforyou.com\/wp-content\/uploads\/2024\/09\/Verito4-768x1024.jpg\" class=\"attachment-large size-large wp-image-1675\" alt=\"\" srcset=\"https:\/\/vallartaimhereforyou.com\/wp-content\/uploads\/2024\/09\/Verito4-768x1024.jpg 768w, https:\/\/vallartaimhereforyou.com\/wp-content\/uploads\/2024\/09\/Verito4-225x300.jpg 225w, https:\/\/vallartaimhereforyou.com\/wp-content\/uploads\/2024\/09\/Verito4-1152x1536.jpg 1152w, https:\/\/vallartaimhereforyou.com\/wp-content\/uploads\/2024\/09\/Verito4.jpg 1200w\" sizes=\"(max-width: 768px) 100vw, 768px\" \/>\t\t\t\t\t\t\t\t\t\t\t\t\t<\/div>\n\t\t\t\t<\/div>\n\t\t\t\t\t<\/div>\n\t\t<\/div>\n\t\t\t\t<div class=\"elementor-column elementor-col-33 elementor-top-column elementor-element elementor-element-6d99e42\" data-id=\"6d99e42\" data-element_type=\"column\">\n\t\t\t<div class=\"elementor-widget-wrap elementor-element-populated\">\n\t\t\t\t\t\t<div class=\"elementor-element elementor-element-de26d01 elementor-widget elementor-widget-image\" data-id=\"de26d01\" data-element_type=\"widget\" data-widget_type=\"image.default\">\n\t\t\t\t<div class=\"elementor-widget-container\">\n\t\t\t\t\t\t\t\t\t\t\t\t\t<img loading=\"lazy\" decoding=\"async\" width=\"650\" height=\"1024\" src=\"https:\/\/vallartaimhereforyou.com\/wp-content\/uploads\/2024\/09\/Verito3-650x1024.jpg\" class=\"attachment-large size-large wp-image-1674\" alt=\"\" srcset=\"https:\/\/vallartaimhereforyou.com\/wp-content\/uploads\/2024\/09\/Verito3-650x1024.jpg 650w, https:\/\/vallartaimhereforyou.com\/wp-content\/uploads\/2024\/09\/Verito3-191x300.jpg 191w, https:\/\/vallartaimhereforyou.com\/wp-content\/uploads\/2024\/09\/Verito3-768x1209.jpg 768w, https:\/\/vallartaimhereforyou.com\/wp-content\/uploads\/2024\/09\/Verito3-975x1536.jpg 975w, https:\/\/vallartaimhereforyou.com\/wp-content\/uploads\/2024\/09\/Verito3.jpg 1016w\" sizes=\"(max-width: 650px) 100vw, 650px\" \/>\t\t\t\t\t\t\t\t\t\t\t\t\t<\/div>\n\t\t\t\t<\/div>\n\t\t\t\t\t<\/div>\n\t\t<\/div>\n\t\t\t\t\t<\/div>\n\t\t<\/section>\n\t\t\t\t<\/div>","protected":false},"excerpt":{"rendered":"<p>La mejor experiencia para disfrutar tu visita a Vallarta Con\u00f3cenos Dormitorio con cama king. Ba\u00f1o con ducha. Cocineta integrada. Refrigerador mini bar Aire acondicionado en el dormitorio. Lavadora. Asador. Balc\u00f3n Wifi . Smart Tv. Incluye utensilios de cocina necesarios para 2 personas.<\/p>","protected":false},"author":3,"featured_media":0,"parent":0,"menu_order":0,"comment_status":"closed","ping_status":"closed","template":"","meta":{"_glsr_average":0,"_glsr_ranking":0,"_glsr_reviews":0,"footnotes":""},"class_list":["post-1668","page","type-page","status-publish","hentry"],"_links":{"self":[{"href":"https:\/\/vallartaimhereforyou.com\/en\/wp-json\/wp\/v2\/pages\/1668"}],"collection":[{"href":"https:\/\/vallartaimhereforyou.com\/en\/wp-json\/wp\/v2\/pages"}],"about":[{"href":"https:\/\/vallartaimhereforyou.com\/en\/wp-json\/wp\/v2\/types\/page"}],"author":[{"embeddable":true,"href":"https:\/\/vallartaimhereforyou.com\/en\/wp-json\/wp\/v2\/users\/3"}],"replies":[{"embeddable":true,"href":"https:\/\/vallartaimhereforyou.com\/en\/wp-json\/wp\/v2\/comments?post=1668"}],"version-history":[{"count":25,"href":"https:\/\/vallartaimhereforyou.com\/en\/wp-json\/wp\/v2\/pages\/1668\/revisions"}],"predecessor-version":[{"id":2000,"href":"https:\/\/vallartaimhereforyou.com\/en\/wp-json\/wp\/v2\/pages\/1668\/revisions\/2000"}],"wp:attachment":[{"href":"https:\/\/vallartaimhereforyou.com\/en\/wp-json\/wp\/v2\/media?parent=1668"}],"curies":[{"name":"wp","href":"https:\/\/api.w.org\/{rel}","templated":true}]}}