{"id":1633,"date":"2024-09-14T14:30:40","date_gmt":"2024-09-14T20:30:40","guid":{"rendered":"https:\/\/vallartaimhereforyou.com\/?page_id=1633"},"modified":"2024-10-14T22:05:23","modified_gmt":"2024-10-15T04:05:23","slug":"dorada","status":"publish","type":"page","link":"https:\/\/vallartaimhereforyou.com\/en\/dorada\/","title":{"rendered":"Golden House"},"content":{"rendered":"<div data-elementor-type=\"wp-page\" data-elementor-id=\"1633\" class=\"elementor elementor-1633\" data-elementor-post-type=\"page\">\n\t\t\t\t\t\t<section class=\"elementor-section elementor-top-section elementor-element elementor-element-3a8b91c6 elementor-section-height-min-height elementor-section-boxed elementor-section-height-default elementor-section-items-middle\" data-id=\"3a8b91c6\" data-element_type=\"section\" data-settings=\"{&quot;background_background&quot;:&quot;classic&quot;}\">\n\t\t\t\t\t\t\t<div class=\"elementor-background-overlay\"><\/div>\n\t\t\t\t\t\t\t<div class=\"elementor-container elementor-column-gap-default\">\n\t\t\t\t\t<div class=\"elementor-column elementor-col-100 elementor-top-column elementor-element elementor-element-2cb08f5\" data-id=\"2cb08f5\" data-element_type=\"column\">\n\t\t\t<div class=\"elementor-widget-wrap elementor-element-populated\">\n\t\t\t\t\t\t<div class=\"elementor-element elementor-element-40952e4a elementor-widget elementor-widget-heading\" data-id=\"40952e4a\" data-element_type=\"widget\" data-widget_type=\"heading.default\">\n\t\t\t\t<div class=\"elementor-widget-container\">\n\t\t\t<h1 class=\"elementor-heading-title elementor-size-default\">Golden House<\/h1>\t\t<\/div>\n\t\t\t\t<\/div>\n\t\t\t\t\t<\/div>\n\t\t<\/div>\n\t\t\t\t\t<\/div>\n\t\t<\/section>\n\t\t\t\t<section class=\"elementor-section elementor-top-section elementor-element elementor-element-18cf9fd5 elementor-section-boxed elementor-section-height-default elementor-section-height-default\" data-id=\"18cf9fd5\" data-element_type=\"section\">\n\t\t\t\t\t\t<div class=\"elementor-container elementor-column-gap-default\">\n\t\t\t\t\t<div class=\"elementor-column elementor-col-100 elementor-top-column elementor-element elementor-element-d5ecb3c\" data-id=\"d5ecb3c\" data-element_type=\"column\">\n\t\t\t<div class=\"elementor-widget-wrap elementor-element-populated\">\n\t\t\t\t\t\t<div class=\"elementor-element elementor-element-482cda2f elementor-headline--style-highlight elementor-widget elementor-widget-animated-headline\" data-id=\"482cda2f\" data-element_type=\"widget\" data-settings=\"{&quot;marker&quot;:&quot;underline_zigzag&quot;,&quot;highlighted_text&quot;:&quot;disfrutar tu visita a Vallarta&quot;,&quot;headline_style&quot;:&quot;highlight&quot;,&quot;loop&quot;:&quot;yes&quot;,&quot;highlight_animation_duration&quot;:1200,&quot;highlight_iteration_delay&quot;:8000}\" data-widget_type=\"animated-headline.default\">\n\t\t\t\t<div class=\"elementor-widget-container\">\n\t\t\t\t\t<h2 class=\"elementor-headline\">\n\t\t\t\t\t<span class=\"elementor-headline-plain-text elementor-headline-text-wrapper\">The best experience for <\/span>\n\t\t\t\t<span class=\"elementor-headline-dynamic-wrapper elementor-headline-text-wrapper\">\n\t\t\t\t\t<span class=\"elementor-headline-dynamic-text elementor-headline-text-active\">enjoy your visit to Vallarta<\/span>\n\t\t\t\t<\/span>\n\t\t\t\t<\/h2>\n\t\t\t\t<\/div>\n\t\t\t\t<\/div>\n\t\t\t\t\t<\/div>\n\t\t<\/div>\n\t\t\t\t\t<\/div>\n\t\t<\/section>\n\t\t\t\t<section class=\"elementor-section elementor-top-section elementor-element elementor-element-7c1fdedb elementor-section-boxed elementor-section-height-default elementor-section-height-default\" data-id=\"7c1fdedb\" data-element_type=\"section\" data-settings=\"{&quot;background_background&quot;:&quot;classic&quot;}\">\n\t\t\t\t\t\t\t<div class=\"elementor-background-overlay\"><\/div>\n\t\t\t\t\t\t\t<div class=\"elementor-container elementor-column-gap-default\">\n\t\t\t\t\t<div class=\"elementor-column elementor-col-100 elementor-top-column elementor-element elementor-element-283b5840\" data-id=\"283b5840\" data-element_type=\"column\">\n\t\t\t<div class=\"elementor-widget-wrap elementor-element-populated\">\n\t\t\t\t\t\t<section class=\"elementor-section elementor-inner-section elementor-element elementor-element-3eb55b41 elementor-section-boxed elementor-section-height-default elementor-section-height-default\" data-id=\"3eb55b41\" data-element_type=\"section\">\n\t\t\t\t\t\t<div class=\"elementor-container elementor-column-gap-default\">\n\t\t\t\t\t<div class=\"elementor-column elementor-col-33 elementor-inner-column elementor-element elementor-element-677c096\" data-id=\"677c096\" data-element_type=\"column\">\n\t\t\t<div class=\"elementor-widget-wrap elementor-element-populated\">\n\t\t\t\t\t\t<div class=\"elementor-element elementor-element-50fc401e elementor-widget elementor-widget-image\" data-id=\"50fc401e\" data-element_type=\"widget\" data-widget_type=\"image.default\">\n\t\t\t\t<div class=\"elementor-widget-container\">\n\t\t\t\t\t\t\t\t\t\t\t\t\t<img fetchpriority=\"high\" decoding=\"async\" width=\"800\" height=\"600\" src=\"https:\/\/vallartaimhereforyou.com\/wp-content\/uploads\/2024\/09\/dorada18-1024x768.jpg\" class=\"attachment-large size-large wp-image-1653\" alt=\"\" srcset=\"https:\/\/vallartaimhereforyou.com\/wp-content\/uploads\/2024\/09\/dorada18-1024x768.jpg 1024w, https:\/\/vallartaimhereforyou.com\/wp-content\/uploads\/2024\/09\/dorada18-300x225.jpg 300w, https:\/\/vallartaimhereforyou.com\/wp-content\/uploads\/2024\/09\/dorada18-768x576.jpg 768w, https:\/\/vallartaimhereforyou.com\/wp-content\/uploads\/2024\/09\/dorada18-1536x1152.jpg 1536w, https:\/\/vallartaimhereforyou.com\/wp-content\/uploads\/2024\/09\/dorada18.jpg 2048w\" sizes=\"(max-width: 800px) 100vw, 800px\" \/>\t\t\t\t\t\t\t\t\t\t\t\t\t<\/div>\n\t\t\t\t<\/div>\n\t\t\t\t<div class=\"elementor-element elementor-element-5faaacb5 elementor-widget elementor-widget-image\" data-id=\"5faaacb5\" data-element_type=\"widget\" data-widget_type=\"image.default\">\n\t\t\t\t<div class=\"elementor-widget-container\">\n\t\t\t\t\t\t\t\t\t\t\t\t\t<img decoding=\"async\" width=\"768\" height=\"576\" src=\"https:\/\/vallartaimhereforyou.com\/wp-content\/uploads\/2024\/09\/dorada14-768x576.jpg\" class=\"attachment-medium_large size-medium_large wp-image-1649\" alt=\"\" srcset=\"https:\/\/vallartaimhereforyou.com\/wp-content\/uploads\/2024\/09\/dorada14-768x576.jpg 768w, https:\/\/vallartaimhereforyou.com\/wp-content\/uploads\/2024\/09\/dorada14-300x225.jpg 300w, https:\/\/vallartaimhereforyou.com\/wp-content\/uploads\/2024\/09\/dorada14-1024x768.jpg 1024w, https:\/\/vallartaimhereforyou.com\/wp-content\/uploads\/2024\/09\/dorada14-1536x1152.jpg 1536w, https:\/\/vallartaimhereforyou.com\/wp-content\/uploads\/2024\/09\/dorada14.jpg 2048w\" sizes=\"(max-width: 768px) 100vw, 768px\" \/>\t\t\t\t\t\t\t\t\t\t\t\t\t<\/div>\n\t\t\t\t<\/div>\n\t\t\t\t\t<\/div>\n\t\t<\/div>\n\t\t\t\t<div class=\"elementor-column elementor-col-33 elementor-inner-column elementor-element elementor-element-7b4ef544\" data-id=\"7b4ef544\" data-element_type=\"column\">\n\t\t\t<div class=\"elementor-widget-wrap elementor-element-populated\">\n\t\t\t\t\t\t<div class=\"elementor-element elementor-element-62373e48 elementor-widget elementor-widget-image\" data-id=\"62373e48\" data-element_type=\"widget\" data-widget_type=\"image.default\">\n\t\t\t\t<div class=\"elementor-widget-container\">\n\t\t\t\t\t\t\t\t\t\t\t\t\t<img decoding=\"async\" width=\"768\" height=\"1024\" src=\"https:\/\/vallartaimhereforyou.com\/wp-content\/uploads\/2024\/09\/dorada19-768x1024.jpg\" class=\"attachment-medium_large size-medium_large wp-image-1654\" alt=\"\" srcset=\"https:\/\/vallartaimhereforyou.com\/wp-content\/uploads\/2024\/09\/dorada19-768x1024.jpg 768w, https:\/\/vallartaimhereforyou.com\/wp-content\/uploads\/2024\/09\/dorada19-225x300.jpg 225w, https:\/\/vallartaimhereforyou.com\/wp-content\/uploads\/2024\/09\/dorada19-1152x1536.jpg 1152w, https:\/\/vallartaimhereforyou.com\/wp-content\/uploads\/2024\/09\/dorada19.jpg 1536w\" sizes=\"(max-width: 768px) 100vw, 768px\" \/>\t\t\t\t\t\t\t\t\t\t\t\t\t<\/div>\n\t\t\t\t<\/div>\n\t\t\t\t\t<\/div>\n\t\t<\/div>\n\t\t\t\t<div class=\"elementor-column elementor-col-33 elementor-inner-column elementor-element elementor-element-1331ef2e\" data-id=\"1331ef2e\" data-element_type=\"column\">\n\t\t\t<div class=\"elementor-widget-wrap elementor-element-populated\">\n\t\t\t\t\t\t<div class=\"elementor-element elementor-element-1954cc08 elementor-widget elementor-widget-image\" data-id=\"1954cc08\" data-element_type=\"widget\" data-widget_type=\"image.default\">\n\t\t\t\t<div class=\"elementor-widget-container\">\n\t\t\t\t\t\t\t\t\t\t\t\t\t<img loading=\"lazy\" decoding=\"async\" width=\"768\" height=\"1024\" src=\"https:\/\/vallartaimhereforyou.com\/wp-content\/uploads\/2024\/09\/dorada11-768x1024.jpg\" class=\"attachment-large size-large wp-image-1646\" alt=\"\" srcset=\"https:\/\/vallartaimhereforyou.com\/wp-content\/uploads\/2024\/09\/dorada11-768x1024.jpg 768w, https:\/\/vallartaimhereforyou.com\/wp-content\/uploads\/2024\/09\/dorada11-225x300.jpg 225w, https:\/\/vallartaimhereforyou.com\/wp-content\/uploads\/2024\/09\/dorada11-1152x1536.jpg 1152w, https:\/\/vallartaimhereforyou.com\/wp-content\/uploads\/2024\/09\/dorada11.jpg 1536w\" sizes=\"(max-width: 768px) 100vw, 768px\" \/>\t\t\t\t\t\t\t\t\t\t\t\t\t<\/div>\n\t\t\t\t<\/div>\n\t\t\t\t\t<\/div>\n\t\t<\/div>\n\t\t\t\t\t<\/div>\n\t\t<\/section>\n\t\t\t\t<div class=\"elementor-element elementor-element-26a7e044 elementor-widget elementor-widget-heading\" data-id=\"26a7e044\" data-element_type=\"widget\" data-widget_type=\"heading.default\">\n\t\t\t\t<div class=\"elementor-widget-container\">\n\t\t\t<h2 class=\"elementor-heading-title elementor-size-default\">Get to know us<\/h2>\t\t<\/div>\n\t\t\t\t<\/div>\n\t\t\t\t<div class=\"elementor-element elementor-element-2ab5e95c elementor-widget elementor-widget-text-editor\" data-id=\"2ab5e95c\" data-element_type=\"widget\" data-widget_type=\"text-editor.default\">\n\t\t\t\t<div class=\"elementor-widget-container\">\n\t\t\t\t\t\t\t<ul><li style=\"text-align: left;\">Bedroom with queen bed and small closet.<\/li><li style=\"text-align: left;\">Bedroom with 2 double beds and chest of drawers.<\/li><li style=\"text-align: left;\">2 bathrooms with shower.<\/li><li style=\"text-align: left;\">Full kitchen with standard refrigerator and gas stove and oven.<\/li><li style=\"text-align: left;\">Private balcony overlooking the street.<\/li><li style=\"text-align: left;\">Sea view.<\/li><li style=\"text-align: left;\">Air conditioning in the two-bed bedroom.<\/li><li style=\"text-align: left;\">Electronic locking system.<\/li><li style=\"text-align: left;\">Shared terrace with 2 swimming pools.<\/li><li style=\"text-align: left;\">Wifi 1000 mb. Smart Tv.<\/li><\/ul><p style=\"text-align: left;\">Casa Dorada is equipped with a coffee maker, pots and pans, cutlery and dishes, as well as an iron and hair dryer.<\/p>\t\t\t\t\t\t<\/div>\n\t\t\t\t<\/div>\n\t\t\t\t\t<\/div>\n\t\t<\/div>\n\t\t\t\t\t<\/div>\n\t\t<\/section>\n\t\t\t\t<section class=\"elementor-section elementor-top-section elementor-element elementor-element-1e92918e elementor-section-boxed elementor-section-height-default elementor-section-height-default\" data-id=\"1e92918e\" data-element_type=\"section\">\n\t\t\t\t\t\t<div class=\"elementor-container elementor-column-gap-default\">\n\t\t\t\t\t<div class=\"elementor-column elementor-col-33 elementor-top-column elementor-element elementor-element-69a18416\" data-id=\"69a18416\" data-element_type=\"column\">\n\t\t\t<div class=\"elementor-widget-wrap elementor-element-populated\">\n\t\t\t\t\t\t<div class=\"elementor-element elementor-element-226e8e56 elementor-widget elementor-widget-image\" data-id=\"226e8e56\" data-element_type=\"widget\" data-widget_type=\"image.default\">\n\t\t\t\t<div class=\"elementor-widget-container\">\n\t\t\t\t\t\t\t\t\t\t\t\t\t<img loading=\"lazy\" decoding=\"async\" width=\"768\" height=\"1024\" src=\"https:\/\/vallartaimhereforyou.com\/wp-content\/uploads\/2024\/09\/dorada17-768x1024.jpg\" class=\"attachment-large size-large wp-image-1652\" alt=\"\" srcset=\"https:\/\/vallartaimhereforyou.com\/wp-content\/uploads\/2024\/09\/dorada17-768x1024.jpg 768w, https:\/\/vallartaimhereforyou.com\/wp-content\/uploads\/2024\/09\/dorada17-225x300.jpg 225w, https:\/\/vallartaimhereforyou.com\/wp-content\/uploads\/2024\/09\/dorada17-1152x1536.jpg 1152w, https:\/\/vallartaimhereforyou.com\/wp-content\/uploads\/2024\/09\/dorada17.jpg 1536w\" sizes=\"(max-width: 768px) 100vw, 768px\" \/>\t\t\t\t\t\t\t\t\t\t\t\t\t<\/div>\n\t\t\t\t<\/div>\n\t\t\t\t\t<\/div>\n\t\t<\/div>\n\t\t\t\t<div class=\"elementor-column elementor-col-33 elementor-top-column elementor-element elementor-element-6187686d\" data-id=\"6187686d\" data-element_type=\"column\">\n\t\t\t<div class=\"elementor-widget-wrap elementor-element-populated\">\n\t\t\t\t\t\t<div class=\"elementor-element elementor-element-1113fcec elementor-widget elementor-widget-image\" data-id=\"1113fcec\" data-element_type=\"widget\" data-widget_type=\"image.default\">\n\t\t\t\t<div class=\"elementor-widget-container\">\n\t\t\t\t\t\t\t\t\t\t\t\t\t<img loading=\"lazy\" decoding=\"async\" width=\"768\" height=\"1024\" src=\"https:\/\/vallartaimhereforyou.com\/wp-content\/uploads\/2024\/09\/dorada16-768x1024.jpg\" class=\"attachment-large size-large wp-image-1651\" alt=\"\" srcset=\"https:\/\/vallartaimhereforyou.com\/wp-content\/uploads\/2024\/09\/dorada16-768x1024.jpg 768w, https:\/\/vallartaimhereforyou.com\/wp-content\/uploads\/2024\/09\/dorada16-225x300.jpg 225w, https:\/\/vallartaimhereforyou.com\/wp-content\/uploads\/2024\/09\/dorada16-1152x1536.jpg 1152w, https:\/\/vallartaimhereforyou.com\/wp-content\/uploads\/2024\/09\/dorada16.jpg 1536w\" sizes=\"(max-width: 768px) 100vw, 768px\" \/>\t\t\t\t\t\t\t\t\t\t\t\t\t<\/div>\n\t\t\t\t<\/div>\n\t\t\t\t\t<\/div>\n\t\t<\/div>\n\t\t\t\t<div class=\"elementor-column elementor-col-33 elementor-top-column elementor-element elementor-element-7c28a816\" data-id=\"7c28a816\" data-element_type=\"column\">\n\t\t\t<div class=\"elementor-widget-wrap elementor-element-populated\">\n\t\t\t\t\t\t<div class=\"elementor-element elementor-element-4d701e3 elementor-widget elementor-widget-image\" data-id=\"4d701e3\" data-element_type=\"widget\" data-widget_type=\"image.default\">\n\t\t\t\t<div class=\"elementor-widget-container\">\n\t\t\t\t\t\t\t\t\t\t\t\t\t<img loading=\"lazy\" decoding=\"async\" width=\"472\" height=\"1024\" src=\"https:\/\/vallartaimhereforyou.com\/wp-content\/uploads\/2024\/09\/dorada2-472x1024.jpg\" class=\"attachment-large size-large wp-image-1637\" alt=\"\" srcset=\"https:\/\/vallartaimhereforyou.com\/wp-content\/uploads\/2024\/09\/dorada2-472x1024.jpg 472w, https:\/\/vallartaimhereforyou.com\/wp-content\/uploads\/2024\/09\/dorada2-138x300.jpg 138w, https:\/\/vallartaimhereforyou.com\/wp-content\/uploads\/2024\/09\/dorada2-768x1666.jpg 768w, https:\/\/vallartaimhereforyou.com\/wp-content\/uploads\/2024\/09\/dorada2-708x1536.jpg 708w, https:\/\/vallartaimhereforyou.com\/wp-content\/uploads\/2024\/09\/dorada2.jpg 944w\" sizes=\"(max-width: 472px) 100vw, 472px\" \/>\t\t\t\t\t\t\t\t\t\t\t\t\t<\/div>\n\t\t\t\t<\/div>\n\t\t\t\t\t<\/div>\n\t\t<\/div>\n\t\t\t\t\t<\/div>\n\t\t<\/section>\n\t\t\t\t<section class=\"elementor-section elementor-top-section elementor-element elementor-element-9ebd496 elementor-section-boxed elementor-section-height-default elementor-section-height-default\" data-id=\"9ebd496\" data-element_type=\"section\">\n\t\t\t\t\t\t<div class=\"elementor-container elementor-column-gap-default\">\n\t\t\t\t\t<div class=\"elementor-column elementor-col-33 elementor-top-column elementor-element elementor-element-1700129\" data-id=\"1700129\" data-element_type=\"column\">\n\t\t\t<div class=\"elementor-widget-wrap elementor-element-populated\">\n\t\t\t\t\t\t<div class=\"elementor-element elementor-element-c7adcc5 elementor-widget elementor-widget-image\" data-id=\"c7adcc5\" data-element_type=\"widget\" data-widget_type=\"image.default\">\n\t\t\t\t<div class=\"elementor-widget-container\">\n\t\t\t\t\t\t\t\t\t\t\t\t\t<img loading=\"lazy\" decoding=\"async\" width=\"768\" height=\"1024\" src=\"https:\/\/vallartaimhereforyou.com\/wp-content\/uploads\/2024\/09\/dorada1-768x1024.jpg\" class=\"attachment-large size-large wp-image-1636\" alt=\"\" srcset=\"https:\/\/vallartaimhereforyou.com\/wp-content\/uploads\/2024\/09\/dorada1-768x1024.jpg 768w, https:\/\/vallartaimhereforyou.com\/wp-content\/uploads\/2024\/09\/dorada1-225x300.jpg 225w, https:\/\/vallartaimhereforyou.com\/wp-content\/uploads\/2024\/09\/dorada1-1152x1536.jpg 1152w, https:\/\/vallartaimhereforyou.com\/wp-content\/uploads\/2024\/09\/dorada1.jpg 1536w\" sizes=\"(max-width: 768px) 100vw, 768px\" \/>\t\t\t\t\t\t\t\t\t\t\t\t\t<\/div>\n\t\t\t\t<\/div>\n\t\t\t\t\t<\/div>\n\t\t<\/div>\n\t\t\t\t<div class=\"elementor-column elementor-col-33 elementor-top-column elementor-element elementor-element-3f32663\" data-id=\"3f32663\" data-element_type=\"column\">\n\t\t\t<div class=\"elementor-widget-wrap elementor-element-populated\">\n\t\t\t\t\t\t<div class=\"elementor-element elementor-element-c623cdb elementor-widget elementor-widget-image\" data-id=\"c623cdb\" data-element_type=\"widget\" data-widget_type=\"image.default\">\n\t\t\t\t<div class=\"elementor-widget-container\">\n\t\t\t\t\t\t\t\t\t\t\t\t\t<img loading=\"lazy\" decoding=\"async\" width=\"768\" height=\"1024\" src=\"https:\/\/vallartaimhereforyou.com\/wp-content\/uploads\/2024\/09\/dorada9-768x1024.jpg\" class=\"attachment-large size-large wp-image-1644\" alt=\"\" srcset=\"https:\/\/vallartaimhereforyou.com\/wp-content\/uploads\/2024\/09\/dorada9-768x1024.jpg 768w, https:\/\/vallartaimhereforyou.com\/wp-content\/uploads\/2024\/09\/dorada9-225x300.jpg 225w, https:\/\/vallartaimhereforyou.com\/wp-content\/uploads\/2024\/09\/dorada9-1152x1536.jpg 1152w, https:\/\/vallartaimhereforyou.com\/wp-content\/uploads\/2024\/09\/dorada9.jpg 1536w\" sizes=\"(max-width: 768px) 100vw, 768px\" \/>\t\t\t\t\t\t\t\t\t\t\t\t\t<\/div>\n\t\t\t\t<\/div>\n\t\t\t\t\t<\/div>\n\t\t<\/div>\n\t\t\t\t<div class=\"elementor-column elementor-col-33 elementor-top-column elementor-element elementor-element-6d99e42\" data-id=\"6d99e42\" data-element_type=\"column\">\n\t\t\t<div class=\"elementor-widget-wrap elementor-element-populated\">\n\t\t\t\t\t\t<div class=\"elementor-element elementor-element-de26d01 elementor-widget elementor-widget-image\" data-id=\"de26d01\" data-element_type=\"widget\" data-widget_type=\"image.default\">\n\t\t\t\t<div class=\"elementor-widget-container\">\n\t\t\t\t\t\t\t\t\t\t\t\t\t<img loading=\"lazy\" decoding=\"async\" width=\"768\" height=\"1024\" src=\"https:\/\/vallartaimhereforyou.com\/wp-content\/uploads\/2024\/09\/dorada3-768x1024.jpg\" class=\"attachment-large size-large wp-image-1638\" alt=\"\" srcset=\"https:\/\/vallartaimhereforyou.com\/wp-content\/uploads\/2024\/09\/dorada3-768x1024.jpg 768w, https:\/\/vallartaimhereforyou.com\/wp-content\/uploads\/2024\/09\/dorada3-225x300.jpg 225w, https:\/\/vallartaimhereforyou.com\/wp-content\/uploads\/2024\/09\/dorada3-1152x1536.jpg 1152w, https:\/\/vallartaimhereforyou.com\/wp-content\/uploads\/2024\/09\/dorada3.jpg 1536w\" sizes=\"(max-width: 768px) 100vw, 768px\" \/>\t\t\t\t\t\t\t\t\t\t\t\t\t<\/div>\n\t\t\t\t<\/div>\n\t\t\t\t\t<\/div>\n\t\t<\/div>\n\t\t\t\t\t<\/div>\n\t\t<\/section>\n\t\t\t\t<section class=\"elementor-section elementor-top-section elementor-element elementor-element-f69e780 elementor-section-boxed elementor-section-height-default elementor-section-height-default\" data-id=\"f69e780\" data-element_type=\"section\">\n\t\t\t\t\t\t<div class=\"elementor-container elementor-column-gap-default\">\n\t\t\t\t\t<div class=\"elementor-column elementor-col-33 elementor-top-column elementor-element elementor-element-a737563\" data-id=\"a737563\" data-element_type=\"column\">\n\t\t\t<div class=\"elementor-widget-wrap elementor-element-populated\">\n\t\t\t\t\t\t<div class=\"elementor-element elementor-element-b95997c elementor-widget elementor-widget-image\" data-id=\"b95997c\" data-element_type=\"widget\" data-widget_type=\"image.default\">\n\t\t\t\t<div class=\"elementor-widget-container\">\n\t\t\t\t\t\t\t\t\t\t\t\t\t<img loading=\"lazy\" decoding=\"async\" width=\"768\" height=\"1024\" src=\"https:\/\/vallartaimhereforyou.com\/wp-content\/uploads\/2024\/09\/dorada20-768x1024.jpg\" class=\"attachment-large size-large wp-image-1655\" alt=\"\" srcset=\"https:\/\/vallartaimhereforyou.com\/wp-content\/uploads\/2024\/09\/dorada20-768x1024.jpg 768w, https:\/\/vallartaimhereforyou.com\/wp-content\/uploads\/2024\/09\/dorada20-225x300.jpg 225w, https:\/\/vallartaimhereforyou.com\/wp-content\/uploads\/2024\/09\/dorada20-1152x1536.jpg 1152w, https:\/\/vallartaimhereforyou.com\/wp-content\/uploads\/2024\/09\/dorada20.jpg 1536w\" sizes=\"(max-width: 768px) 100vw, 768px\" \/>\t\t\t\t\t\t\t\t\t\t\t\t\t<\/div>\n\t\t\t\t<\/div>\n\t\t\t\t\t<\/div>\n\t\t<\/div>\n\t\t\t\t<div class=\"elementor-column elementor-col-33 elementor-top-column elementor-element elementor-element-6975c89\" data-id=\"6975c89\" data-element_type=\"column\">\n\t\t\t<div class=\"elementor-widget-wrap elementor-element-populated\">\n\t\t\t\t\t\t<div class=\"elementor-element elementor-element-8ae9b3a elementor-widget elementor-widget-image\" data-id=\"8ae9b3a\" data-element_type=\"widget\" data-widget_type=\"image.default\">\n\t\t\t\t<div class=\"elementor-widget-container\">\n\t\t\t\t\t\t\t\t\t\t\t\t\t<img loading=\"lazy\" decoding=\"async\" width=\"768\" height=\"1024\" src=\"https:\/\/vallartaimhereforyou.com\/wp-content\/uploads\/2024\/09\/dorada15-768x1024.jpg\" class=\"attachment-large size-large wp-image-1650\" alt=\"\" srcset=\"https:\/\/vallartaimhereforyou.com\/wp-content\/uploads\/2024\/09\/dorada15-768x1024.jpg 768w, https:\/\/vallartaimhereforyou.com\/wp-content\/uploads\/2024\/09\/dorada15-225x300.jpg 225w, https:\/\/vallartaimhereforyou.com\/wp-content\/uploads\/2024\/09\/dorada15-1152x1536.jpg 1152w, https:\/\/vallartaimhereforyou.com\/wp-content\/uploads\/2024\/09\/dorada15.jpg 1536w\" sizes=\"(max-width: 768px) 100vw, 768px\" \/>\t\t\t\t\t\t\t\t\t\t\t\t\t<\/div>\n\t\t\t\t<\/div>\n\t\t\t\t\t<\/div>\n\t\t<\/div>\n\t\t\t\t<div class=\"elementor-column elementor-col-33 elementor-top-column elementor-element elementor-element-dbf0757\" data-id=\"dbf0757\" data-element_type=\"column\">\n\t\t\t<div class=\"elementor-widget-wrap elementor-element-populated\">\n\t\t\t\t\t\t<div class=\"elementor-element elementor-element-c24a61d elementor-widget elementor-widget-image\" data-id=\"c24a61d\" data-element_type=\"widget\" data-widget_type=\"image.default\">\n\t\t\t\t<div class=\"elementor-widget-container\">\n\t\t\t\t\t\t\t\t\t\t\t\t\t<img loading=\"lazy\" decoding=\"async\" width=\"768\" height=\"1024\" src=\"https:\/\/vallartaimhereforyou.com\/wp-content\/uploads\/2024\/09\/dorada13-768x1024.jpg\" class=\"attachment-large size-large wp-image-1648\" alt=\"\" srcset=\"https:\/\/vallartaimhereforyou.com\/wp-content\/uploads\/2024\/09\/dorada13-768x1024.jpg 768w, https:\/\/vallartaimhereforyou.com\/wp-content\/uploads\/2024\/09\/dorada13-225x300.jpg 225w, https:\/\/vallartaimhereforyou.com\/wp-content\/uploads\/2024\/09\/dorada13-1152x1536.jpg 1152w, https:\/\/vallartaimhereforyou.com\/wp-content\/uploads\/2024\/09\/dorada13.jpg 1536w\" sizes=\"(max-width: 768px) 100vw, 768px\" \/>\t\t\t\t\t\t\t\t\t\t\t\t\t<\/div>\n\t\t\t\t<\/div>\n\t\t\t\t\t<\/div>\n\t\t<\/div>\n\t\t\t\t\t<\/div>\n\t\t<\/section>\n\t\t\t\t<\/div>","protected":false},"excerpt":{"rendered":"<p>La mejor experiencia para disfrutar tu visita a Vallarta Con\u00f3cenos Dormitorio con cama queen y peque\u00f1o cl\u00f3set. Dormitorio con 2 camas dobles y c\u00f3moda. 2 ba\u00f1os con ducha. Cocina completa con refrigerador est\u00e1ndar y estufa\u00a0 y horno a gas. Balc\u00f3n privado con vista a la calle. Vista al mar. Aire acondicionado en el dormitorio de [&hellip;]<\/p>","protected":false},"author":3,"featured_media":0,"parent":0,"menu_order":0,"comment_status":"closed","ping_status":"closed","template":"","meta":{"_glsr_average":0,"_glsr_ranking":0,"_glsr_reviews":0,"footnotes":""},"class_list":["post-1633","page","type-page","status-publish","hentry"],"_links":{"self":[{"href":"https:\/\/vallartaimhereforyou.com\/en\/wp-json\/wp\/v2\/pages\/1633"}],"collection":[{"href":"https:\/\/vallartaimhereforyou.com\/en\/wp-json\/wp\/v2\/pages"}],"about":[{"href":"https:\/\/vallartaimhereforyou.com\/en\/wp-json\/wp\/v2\/types\/page"}],"author":[{"embeddable":true,"href":"https:\/\/vallartaimhereforyou.com\/en\/wp-json\/wp\/v2\/users\/3"}],"replies":[{"embeddable":true,"href":"https:\/\/vallartaimhereforyou.com\/en\/wp-json\/wp\/v2\/comments?post=1633"}],"version-history":[{"count":13,"href":"https:\/\/vallartaimhereforyou.com\/en\/wp-json\/wp\/v2\/pages\/1633\/revisions"}],"predecessor-version":[{"id":1997,"href":"https:\/\/vallartaimhereforyou.com\/en\/wp-json\/wp\/v2\/pages\/1633\/revisions\/1997"}],"wp:attachment":[{"href":"https:\/\/vallartaimhereforyou.com\/en\/wp-json\/wp\/v2\/media?parent=1633"}],"curies":[{"name":"wp","href":"https:\/\/api.w.org\/{rel}","templated":true}]}}