{"id":1613,"date":"2024-09-14T13:47:51","date_gmt":"2024-09-14T19:47:51","guid":{"rendered":"https:\/\/vallartaimhereforyou.com\/?page_id=1613"},"modified":"2024-10-14T22:04:01","modified_gmt":"2024-10-15T04:04:01","slug":"casa6","status":"publish","type":"page","link":"https:\/\/vallartaimhereforyou.com\/en\/casa6\/","title":{"rendered":"Jamaica House 6"},"content":{"rendered":"<div data-elementor-type=\"wp-page\" data-elementor-id=\"1613\" class=\"elementor elementor-1613\" data-elementor-post-type=\"page\">\n\t\t\t\t\t\t<section class=\"elementor-section elementor-top-section elementor-element elementor-element-3a8b91c6 elementor-section-height-min-height elementor-section-boxed elementor-section-height-default elementor-section-items-middle\" data-id=\"3a8b91c6\" data-element_type=\"section\" data-settings=\"{&quot;background_background&quot;:&quot;classic&quot;}\">\n\t\t\t\t\t\t\t<div class=\"elementor-background-overlay\"><\/div>\n\t\t\t\t\t\t\t<div class=\"elementor-container elementor-column-gap-default\">\n\t\t\t\t\t<div class=\"elementor-column elementor-col-100 elementor-top-column elementor-element elementor-element-2cb08f5\" data-id=\"2cb08f5\" data-element_type=\"column\">\n\t\t\t<div class=\"elementor-widget-wrap elementor-element-populated\">\n\t\t\t\t\t\t<div class=\"elementor-element elementor-element-40952e4a elementor-widget elementor-widget-heading\" data-id=\"40952e4a\" data-element_type=\"widget\" data-widget_type=\"heading.default\">\n\t\t\t\t<div class=\"elementor-widget-container\">\n\t\t\t<h1 class=\"elementor-heading-title elementor-size-default\">Jamaica House 6<\/h1>\t\t<\/div>\n\t\t\t\t<\/div>\n\t\t\t\t\t<\/div>\n\t\t<\/div>\n\t\t\t\t\t<\/div>\n\t\t<\/section>\n\t\t\t\t<section class=\"elementor-section elementor-top-section elementor-element elementor-element-18cf9fd5 elementor-section-boxed elementor-section-height-default elementor-section-height-default\" data-id=\"18cf9fd5\" data-element_type=\"section\">\n\t\t\t\t\t\t<div class=\"elementor-container elementor-column-gap-default\">\n\t\t\t\t\t<div class=\"elementor-column elementor-col-100 elementor-top-column elementor-element elementor-element-d5ecb3c\" data-id=\"d5ecb3c\" data-element_type=\"column\">\n\t\t\t<div class=\"elementor-widget-wrap elementor-element-populated\">\n\t\t\t\t\t\t<div class=\"elementor-element elementor-element-482cda2f elementor-headline--style-highlight elementor-widget elementor-widget-animated-headline\" data-id=\"482cda2f\" data-element_type=\"widget\" data-settings=\"{&quot;marker&quot;:&quot;underline_zigzag&quot;,&quot;highlighted_text&quot;:&quot;disfrutar tu visita a Vallarta&quot;,&quot;headline_style&quot;:&quot;highlight&quot;,&quot;loop&quot;:&quot;yes&quot;,&quot;highlight_animation_duration&quot;:1200,&quot;highlight_iteration_delay&quot;:8000}\" data-widget_type=\"animated-headline.default\">\n\t\t\t\t<div class=\"elementor-widget-container\">\n\t\t\t\t\t<h2 class=\"elementor-headline\">\n\t\t\t\t\t<span class=\"elementor-headline-plain-text elementor-headline-text-wrapper\">The best experience for <\/span>\n\t\t\t\t<span class=\"elementor-headline-dynamic-wrapper elementor-headline-text-wrapper\">\n\t\t\t\t\t<span class=\"elementor-headline-dynamic-text elementor-headline-text-active\">enjoy your visit to Vallarta<\/span>\n\t\t\t\t<\/span>\n\t\t\t\t<\/h2>\n\t\t\t\t<\/div>\n\t\t\t\t<\/div>\n\t\t\t\t\t<\/div>\n\t\t<\/div>\n\t\t\t\t\t<\/div>\n\t\t<\/section>\n\t\t\t\t<section class=\"elementor-section elementor-top-section elementor-element elementor-element-7c1fdedb elementor-section-boxed elementor-section-height-default elementor-section-height-default\" data-id=\"7c1fdedb\" data-element_type=\"section\" data-settings=\"{&quot;background_background&quot;:&quot;classic&quot;}\">\n\t\t\t\t\t\t\t<div class=\"elementor-background-overlay\"><\/div>\n\t\t\t\t\t\t\t<div class=\"elementor-container elementor-column-gap-default\">\n\t\t\t\t\t<div class=\"elementor-column elementor-col-100 elementor-top-column elementor-element elementor-element-283b5840\" data-id=\"283b5840\" data-element_type=\"column\">\n\t\t\t<div class=\"elementor-widget-wrap elementor-element-populated\">\n\t\t\t\t\t\t<section class=\"elementor-section elementor-inner-section elementor-element elementor-element-3eb55b41 elementor-section-boxed elementor-section-height-default elementor-section-height-default\" data-id=\"3eb55b41\" data-element_type=\"section\">\n\t\t\t\t\t\t<div class=\"elementor-container elementor-column-gap-default\">\n\t\t\t\t\t<div class=\"elementor-column elementor-col-33 elementor-inner-column elementor-element elementor-element-677c096\" data-id=\"677c096\" data-element_type=\"column\">\n\t\t\t<div class=\"elementor-widget-wrap elementor-element-populated\">\n\t\t\t\t\t\t<div class=\"elementor-element elementor-element-50fc401e elementor-widget elementor-widget-image\" data-id=\"50fc401e\" data-element_type=\"widget\" data-widget_type=\"image.default\">\n\t\t\t\t<div class=\"elementor-widget-container\">\n\t\t\t\t\t\t\t\t\t\t\t\t\t<img fetchpriority=\"high\" decoding=\"async\" width=\"800\" height=\"534\" src=\"https:\/\/vallartaimhereforyou.com\/wp-content\/uploads\/2024\/09\/Casa6h-1024x683.jpg\" class=\"attachment-large size-large wp-image-1622\" alt=\"\" srcset=\"https:\/\/vallartaimhereforyou.com\/wp-content\/uploads\/2024\/09\/Casa6h-1024x683.jpg 1024w, https:\/\/vallartaimhereforyou.com\/wp-content\/uploads\/2024\/09\/Casa6h-300x200.jpg 300w, https:\/\/vallartaimhereforyou.com\/wp-content\/uploads\/2024\/09\/Casa6h-768x512.jpg 768w, https:\/\/vallartaimhereforyou.com\/wp-content\/uploads\/2024\/09\/Casa6h.jpg 1500w\" sizes=\"(max-width: 800px) 100vw, 800px\" \/>\t\t\t\t\t\t\t\t\t\t\t\t\t<\/div>\n\t\t\t\t<\/div>\n\t\t\t\t<div class=\"elementor-element elementor-element-5faaacb5 elementor-widget elementor-widget-image\" data-id=\"5faaacb5\" data-element_type=\"widget\" data-widget_type=\"image.default\">\n\t\t\t\t<div class=\"elementor-widget-container\">\n\t\t\t\t\t\t\t\t\t\t\t\t\t<img decoding=\"async\" width=\"768\" height=\"512\" src=\"https:\/\/vallartaimhereforyou.com\/wp-content\/uploads\/2024\/09\/Casa6a-768x512.jpg\" class=\"attachment-medium_large size-medium_large wp-image-1615\" alt=\"\" srcset=\"https:\/\/vallartaimhereforyou.com\/wp-content\/uploads\/2024\/09\/Casa6a-768x512.jpg 768w, https:\/\/vallartaimhereforyou.com\/wp-content\/uploads\/2024\/09\/Casa6a-300x200.jpg 300w, https:\/\/vallartaimhereforyou.com\/wp-content\/uploads\/2024\/09\/Casa6a-1024x683.jpg 1024w, https:\/\/vallartaimhereforyou.com\/wp-content\/uploads\/2024\/09\/Casa6a.jpg 1500w\" sizes=\"(max-width: 768px) 100vw, 768px\" \/>\t\t\t\t\t\t\t\t\t\t\t\t\t<\/div>\n\t\t\t\t<\/div>\n\t\t\t\t\t<\/div>\n\t\t<\/div>\n\t\t\t\t<div class=\"elementor-column elementor-col-33 elementor-inner-column elementor-element elementor-element-7b4ef544\" data-id=\"7b4ef544\" data-element_type=\"column\">\n\t\t\t<div class=\"elementor-widget-wrap elementor-element-populated\">\n\t\t\t\t\t\t<div class=\"elementor-element elementor-element-62373e48 elementor-widget elementor-widget-image\" data-id=\"62373e48\" data-element_type=\"widget\" data-widget_type=\"image.default\">\n\t\t\t\t<div class=\"elementor-widget-container\">\n\t\t\t\t\t\t\t\t\t\t\t\t\t<img decoding=\"async\" width=\"768\" height=\"1152\" src=\"https:\/\/vallartaimhereforyou.com\/wp-content\/uploads\/2024\/09\/Casa6f-768x1152.jpg\" class=\"attachment-medium_large size-medium_large wp-image-1620\" alt=\"\" srcset=\"https:\/\/vallartaimhereforyou.com\/wp-content\/uploads\/2024\/09\/Casa6f-768x1152.jpg 768w, https:\/\/vallartaimhereforyou.com\/wp-content\/uploads\/2024\/09\/Casa6f-200x300.jpg 200w, https:\/\/vallartaimhereforyou.com\/wp-content\/uploads\/2024\/09\/Casa6f-683x1024.jpg 683w, https:\/\/vallartaimhereforyou.com\/wp-content\/uploads\/2024\/09\/Casa6f.jpg 1000w\" sizes=\"(max-width: 768px) 100vw, 768px\" \/>\t\t\t\t\t\t\t\t\t\t\t\t\t<\/div>\n\t\t\t\t<\/div>\n\t\t\t\t\t<\/div>\n\t\t<\/div>\n\t\t\t\t<div class=\"elementor-column elementor-col-33 elementor-inner-column elementor-element elementor-element-1331ef2e\" data-id=\"1331ef2e\" data-element_type=\"column\">\n\t\t\t<div class=\"elementor-widget-wrap elementor-element-populated\">\n\t\t\t\t\t\t<div class=\"elementor-element elementor-element-1954cc08 elementor-widget elementor-widget-image\" data-id=\"1954cc08\" data-element_type=\"widget\" data-widget_type=\"image.default\">\n\t\t\t\t<div class=\"elementor-widget-container\">\n\t\t\t\t\t\t\t\t\t\t\t\t\t<img loading=\"lazy\" decoding=\"async\" width=\"683\" height=\"1024\" src=\"https:\/\/vallartaimhereforyou.com\/wp-content\/uploads\/2024\/09\/Casa6g-683x1024.jpg\" class=\"attachment-large size-large wp-image-1621\" alt=\"\" srcset=\"https:\/\/vallartaimhereforyou.com\/wp-content\/uploads\/2024\/09\/Casa6g-683x1024.jpg 683w, https:\/\/vallartaimhereforyou.com\/wp-content\/uploads\/2024\/09\/Casa6g-200x300.jpg 200w, https:\/\/vallartaimhereforyou.com\/wp-content\/uploads\/2024\/09\/Casa6g-768x1152.jpg 768w, https:\/\/vallartaimhereforyou.com\/wp-content\/uploads\/2024\/09\/Casa6g.jpg 1000w\" sizes=\"(max-width: 683px) 100vw, 683px\" \/>\t\t\t\t\t\t\t\t\t\t\t\t\t<\/div>\n\t\t\t\t<\/div>\n\t\t\t\t\t<\/div>\n\t\t<\/div>\n\t\t\t\t\t<\/div>\n\t\t<\/section>\n\t\t\t\t<div class=\"elementor-element elementor-element-26a7e044 elementor-widget elementor-widget-heading\" data-id=\"26a7e044\" data-element_type=\"widget\" data-widget_type=\"heading.default\">\n\t\t\t\t<div class=\"elementor-widget-container\">\n\t\t\t<h2 class=\"elementor-heading-title elementor-size-default\">Get to know us<\/h2>\t\t<\/div>\n\t\t\t\t<\/div>\n\t\t\t\t<div class=\"elementor-element elementor-element-2ab5e95c elementor-widget elementor-widget-text-editor\" data-id=\"2ab5e95c\" data-element_type=\"widget\" data-widget_type=\"text-editor.default\">\n\t\t\t\t<div class=\"elementor-widget-container\">\n\t\t\t\t\t\t\t<ul>\n<li style=\"text-align: left;\">Bedroom with queen bed and closet.<\/li>\n<li style=\"text-align: left;\">1 bathroom with shower, access is through the private balcony.<\/li>\n<li style=\"text-align: left;\">Kitchen with standard refrigerator and gas stove.<\/li>\n<li style=\"text-align: left;\">Private balcony overlooking the shared courtyard<\/li>\n<li style=\"text-align: left;\">L-shaped room.<br><\/li>\n<li style=\"text-align: left;\">Air conditioning in bedroom.<\/li>\n<li style=\"text-align: left;\">Electronic locking system.<\/li>\n<li style=\"text-align: left;\">Shared terrace with pool.<\/li>\n<li style=\"text-align: left;\">Shared roof terrace.<\/li>\n<li style=\"text-align: left;\">Wifi 1000 mb. Smart Tv.<\/li>\n<\/ul>\n<p style=\"text-align: left;\">All Jamaica House apartments are equipped with a coffee maker, pots and pans, cutlery and dishes, as well as an iron and hair dryer.<\/p>\t\t\t\t\t\t<\/div>\n\t\t\t\t<\/div>\n\t\t\t\t\t<\/div>\n\t\t<\/div>\n\t\t\t\t\t<\/div>\n\t\t<\/section>\n\t\t\t\t<section class=\"elementor-section elementor-top-section elementor-element elementor-element-1e92918e elementor-section-boxed elementor-section-height-default elementor-section-height-default\" data-id=\"1e92918e\" data-element_type=\"section\">\n\t\t\t\t\t\t<div class=\"elementor-container elementor-column-gap-default\">\n\t\t\t\t\t<div class=\"elementor-column elementor-col-33 elementor-top-column elementor-element elementor-element-69a18416\" data-id=\"69a18416\" data-element_type=\"column\">\n\t\t\t<div class=\"elementor-widget-wrap elementor-element-populated\">\n\t\t\t\t\t\t<div class=\"elementor-element elementor-element-226e8e56 elementor-widget elementor-widget-image\" data-id=\"226e8e56\" data-element_type=\"widget\" data-widget_type=\"image.default\">\n\t\t\t\t<div class=\"elementor-widget-container\">\n\t\t\t\t\t\t\t\t\t\t\t\t\t<img loading=\"lazy\" decoding=\"async\" width=\"683\" height=\"1024\" src=\"https:\/\/vallartaimhereforyou.com\/wp-content\/uploads\/2024\/09\/Casa6f-683x1024.jpg\" class=\"attachment-large size-large wp-image-1620\" alt=\"\" srcset=\"https:\/\/vallartaimhereforyou.com\/wp-content\/uploads\/2024\/09\/Casa6f-683x1024.jpg 683w, https:\/\/vallartaimhereforyou.com\/wp-content\/uploads\/2024\/09\/Casa6f-200x300.jpg 200w, https:\/\/vallartaimhereforyou.com\/wp-content\/uploads\/2024\/09\/Casa6f-768x1152.jpg 768w, https:\/\/vallartaimhereforyou.com\/wp-content\/uploads\/2024\/09\/Casa6f.jpg 1000w\" sizes=\"(max-width: 683px) 100vw, 683px\" \/>\t\t\t\t\t\t\t\t\t\t\t\t\t<\/div>\n\t\t\t\t<\/div>\n\t\t\t\t\t<\/div>\n\t\t<\/div>\n\t\t\t\t<div class=\"elementor-column elementor-col-33 elementor-top-column elementor-element elementor-element-6187686d\" data-id=\"6187686d\" data-element_type=\"column\">\n\t\t\t<div class=\"elementor-widget-wrap elementor-element-populated\">\n\t\t\t\t\t\t<div class=\"elementor-element elementor-element-1113fcec elementor-widget elementor-widget-image\" data-id=\"1113fcec\" data-element_type=\"widget\" data-widget_type=\"image.default\">\n\t\t\t\t<div class=\"elementor-widget-container\">\n\t\t\t\t\t\t\t\t\t\t\t\t\t<img loading=\"lazy\" decoding=\"async\" width=\"683\" height=\"1024\" src=\"https:\/\/vallartaimhereforyou.com\/wp-content\/uploads\/2024\/09\/Casa6e-683x1024.jpg\" class=\"attachment-large size-large wp-image-1619\" alt=\"\" srcset=\"https:\/\/vallartaimhereforyou.com\/wp-content\/uploads\/2024\/09\/Casa6e-683x1024.jpg 683w, https:\/\/vallartaimhereforyou.com\/wp-content\/uploads\/2024\/09\/Casa6e-200x300.jpg 200w, https:\/\/vallartaimhereforyou.com\/wp-content\/uploads\/2024\/09\/Casa6e-768x1152.jpg 768w, https:\/\/vallartaimhereforyou.com\/wp-content\/uploads\/2024\/09\/Casa6e.jpg 1000w\" sizes=\"(max-width: 683px) 100vw, 683px\" \/>\t\t\t\t\t\t\t\t\t\t\t\t\t<\/div>\n\t\t\t\t<\/div>\n\t\t\t\t\t<\/div>\n\t\t<\/div>\n\t\t\t\t<div class=\"elementor-column elementor-col-33 elementor-top-column elementor-element elementor-element-7c28a816\" data-id=\"7c28a816\" data-element_type=\"column\">\n\t\t\t<div class=\"elementor-widget-wrap elementor-element-populated\">\n\t\t\t\t\t\t<div class=\"elementor-element elementor-element-4d701e3 elementor-widget elementor-widget-image\" data-id=\"4d701e3\" data-element_type=\"widget\" data-widget_type=\"image.default\">\n\t\t\t\t<div class=\"elementor-widget-container\">\n\t\t\t\t\t\t\t\t\t\t\t\t\t<img loading=\"lazy\" decoding=\"async\" width=\"728\" height=\"1024\" src=\"https:\/\/vallartaimhereforyou.com\/wp-content\/uploads\/2024\/09\/Casa6d-728x1024.jpg\" class=\"attachment-large size-large wp-image-1618\" alt=\"\" srcset=\"https:\/\/vallartaimhereforyou.com\/wp-content\/uploads\/2024\/09\/Casa6d-728x1024.jpg 728w, https:\/\/vallartaimhereforyou.com\/wp-content\/uploads\/2024\/09\/Casa6d-213x300.jpg 213w, https:\/\/vallartaimhereforyou.com\/wp-content\/uploads\/2024\/09\/Casa6d-768x1081.jpg 768w, https:\/\/vallartaimhereforyou.com\/wp-content\/uploads\/2024\/09\/Casa6d.jpg 1000w\" sizes=\"(max-width: 728px) 100vw, 728px\" \/>\t\t\t\t\t\t\t\t\t\t\t\t\t<\/div>\n\t\t\t\t<\/div>\n\t\t\t\t\t<\/div>\n\t\t<\/div>\n\t\t\t\t\t<\/div>\n\t\t<\/section>\n\t\t\t\t<section class=\"elementor-section elementor-top-section elementor-element elementor-element-f69e780 elementor-section-boxed elementor-section-height-default elementor-section-height-default\" data-id=\"f69e780\" data-element_type=\"section\">\n\t\t\t\t\t\t<div class=\"elementor-container elementor-column-gap-default\">\n\t\t\t\t\t<div class=\"elementor-column elementor-col-33 elementor-top-column elementor-element elementor-element-a737563\" data-id=\"a737563\" data-element_type=\"column\">\n\t\t\t<div class=\"elementor-widget-wrap elementor-element-populated\">\n\t\t\t\t\t\t<div class=\"elementor-element elementor-element-b95997c elementor-widget elementor-widget-image\" data-id=\"b95997c\" data-element_type=\"widget\" data-widget_type=\"image.default\">\n\t\t\t\t<div class=\"elementor-widget-container\">\n\t\t\t\t\t\t\t\t\t\t\t\t\t<img loading=\"lazy\" decoding=\"async\" width=\"695\" height=\"1024\" src=\"https:\/\/vallartaimhereforyou.com\/wp-content\/uploads\/2024\/09\/Casa6c-695x1024.jpg\" class=\"attachment-large size-large wp-image-1617\" alt=\"\" srcset=\"https:\/\/vallartaimhereforyou.com\/wp-content\/uploads\/2024\/09\/Casa6c-695x1024.jpg 695w, https:\/\/vallartaimhereforyou.com\/wp-content\/uploads\/2024\/09\/Casa6c-204x300.jpg 204w, https:\/\/vallartaimhereforyou.com\/wp-content\/uploads\/2024\/09\/Casa6c-768x1131.jpg 768w, https:\/\/vallartaimhereforyou.com\/wp-content\/uploads\/2024\/09\/Casa6c.jpg 1000w\" sizes=\"(max-width: 695px) 100vw, 695px\" \/>\t\t\t\t\t\t\t\t\t\t\t\t\t<\/div>\n\t\t\t\t<\/div>\n\t\t\t\t\t<\/div>\n\t\t<\/div>\n\t\t\t\t<div class=\"elementor-column elementor-col-33 elementor-top-column elementor-element elementor-element-6975c89\" data-id=\"6975c89\" data-element_type=\"column\">\n\t\t\t<div class=\"elementor-widget-wrap elementor-element-populated\">\n\t\t\t\t\t\t<div class=\"elementor-element elementor-element-8ae9b3a elementor-widget elementor-widget-image\" data-id=\"8ae9b3a\" data-element_type=\"widget\" data-widget_type=\"image.default\">\n\t\t\t\t<div class=\"elementor-widget-container\">\n\t\t\t\t\t\t\t\t\t\t\t\t\t<img loading=\"lazy\" decoding=\"async\" width=\"785\" height=\"1024\" src=\"https:\/\/vallartaimhereforyou.com\/wp-content\/uploads\/2024\/09\/Casa6b-785x1024.jpg\" class=\"attachment-large size-large wp-image-1616\" alt=\"\" srcset=\"https:\/\/vallartaimhereforyou.com\/wp-content\/uploads\/2024\/09\/Casa6b-785x1024.jpg 785w, https:\/\/vallartaimhereforyou.com\/wp-content\/uploads\/2024\/09\/Casa6b-230x300.jpg 230w, https:\/\/vallartaimhereforyou.com\/wp-content\/uploads\/2024\/09\/Casa6b-768x1002.jpg 768w, https:\/\/vallartaimhereforyou.com\/wp-content\/uploads\/2024\/09\/Casa6b.jpg 1000w\" sizes=\"(max-width: 785px) 100vw, 785px\" \/>\t\t\t\t\t\t\t\t\t\t\t\t\t<\/div>\n\t\t\t\t<\/div>\n\t\t\t\t\t<\/div>\n\t\t<\/div>\n\t\t\t\t<div class=\"elementor-column elementor-col-33 elementor-top-column elementor-element elementor-element-dbf0757\" data-id=\"dbf0757\" data-element_type=\"column\">\n\t\t\t<div class=\"elementor-widget-wrap elementor-element-populated\">\n\t\t\t\t\t\t<div class=\"elementor-element elementor-element-c24a61d elementor-widget elementor-widget-image\" data-id=\"c24a61d\" data-element_type=\"widget\" data-widget_type=\"image.default\">\n\t\t\t\t<div class=\"elementor-widget-container\">\n\t\t\t\t\t\t\t\t\t\t\t\t\t<img loading=\"lazy\" decoding=\"async\" width=\"800\" height=\"534\" src=\"https:\/\/vallartaimhereforyou.com\/wp-content\/uploads\/2024\/09\/Casa6a-1024x683.jpg\" class=\"attachment-large size-large wp-image-1615\" alt=\"\" srcset=\"https:\/\/vallartaimhereforyou.com\/wp-content\/uploads\/2024\/09\/Casa6a-1024x683.jpg 1024w, https:\/\/vallartaimhereforyou.com\/wp-content\/uploads\/2024\/09\/Casa6a-300x200.jpg 300w, https:\/\/vallartaimhereforyou.com\/wp-content\/uploads\/2024\/09\/Casa6a-768x512.jpg 768w, https:\/\/vallartaimhereforyou.com\/wp-content\/uploads\/2024\/09\/Casa6a.jpg 1500w\" sizes=\"(max-width: 800px) 100vw, 800px\" \/>\t\t\t\t\t\t\t\t\t\t\t\t\t<\/div>\n\t\t\t\t<\/div>\n\t\t\t\t\t<\/div>\n\t\t<\/div>\n\t\t\t\t\t<\/div>\n\t\t<\/section>\n\t\t\t\t<\/div>","protected":false},"excerpt":{"rendered":"<p>La mejor experiencia para disfrutar tu visita a Vallarta Con\u00f3cenos Dormitorio con cama queen y closet. 1 ba\u00f1o con ducha, el acceso es por el balc\u00f3n privado. Cocina con refrigerador est\u00e1ndar y estufa a gas. Balc\u00f3n privado con vista al patio compartido. Sala en L. Aire acondicionado en dormitorio. Sistema de bloqueo electr\u00f3nico. Patio compartido [&hellip;]<\/p>","protected":false},"author":3,"featured_media":0,"parent":0,"menu_order":0,"comment_status":"closed","ping_status":"closed","template":"","meta":{"_glsr_average":0,"_glsr_ranking":0,"_glsr_reviews":0,"footnotes":""},"class_list":["post-1613","page","type-page","status-publish","hentry"],"_links":{"self":[{"href":"https:\/\/vallartaimhereforyou.com\/en\/wp-json\/wp\/v2\/pages\/1613"}],"collection":[{"href":"https:\/\/vallartaimhereforyou.com\/en\/wp-json\/wp\/v2\/pages"}],"about":[{"href":"https:\/\/vallartaimhereforyou.com\/en\/wp-json\/wp\/v2\/types\/page"}],"author":[{"embeddable":true,"href":"https:\/\/vallartaimhereforyou.com\/en\/wp-json\/wp\/v2\/users\/3"}],"replies":[{"embeddable":true,"href":"https:\/\/vallartaimhereforyou.com\/en\/wp-json\/wp\/v2\/comments?post=1613"}],"version-history":[{"count":10,"href":"https:\/\/vallartaimhereforyou.com\/en\/wp-json\/wp\/v2\/pages\/1613\/revisions"}],"predecessor-version":[{"id":1994,"href":"https:\/\/vallartaimhereforyou.com\/en\/wp-json\/wp\/v2\/pages\/1613\/revisions\/1994"}],"wp:attachment":[{"href":"https:\/\/vallartaimhereforyou.com\/en\/wp-json\/wp\/v2\/media?parent=1613"}],"curies":[{"name":"wp","href":"https:\/\/api.w.org\/{rel}","templated":true}]}}