{"id":1593,"date":"2024-09-13T15:26:07","date_gmt":"2024-09-13T21:26:07","guid":{"rendered":"https:\/\/vallartaimhereforyou.com\/?page_id=1593"},"modified":"2024-09-14T13:45:19","modified_gmt":"2024-09-14T19:45:19","slug":"casa5","status":"publish","type":"page","link":"https:\/\/vallartaimhereforyou.com\/en\/casa5\/","title":{"rendered":"Jamaica House 5"},"content":{"rendered":"<div data-elementor-type=\"wp-page\" data-elementor-id=\"1593\" class=\"elementor elementor-1593\" data-elementor-post-type=\"page\">\n\t\t\t\t\t\t<section class=\"elementor-section elementor-top-section elementor-element elementor-element-3a8b91c6 elementor-section-height-min-height elementor-section-boxed elementor-section-height-default elementor-section-items-middle\" data-id=\"3a8b91c6\" data-element_type=\"section\" data-settings=\"{&quot;background_background&quot;:&quot;classic&quot;}\">\n\t\t\t\t\t\t\t<div class=\"elementor-background-overlay\"><\/div>\n\t\t\t\t\t\t\t<div class=\"elementor-container elementor-column-gap-default\">\n\t\t\t\t\t<div class=\"elementor-column elementor-col-100 elementor-top-column elementor-element elementor-element-2cb08f5\" data-id=\"2cb08f5\" data-element_type=\"column\">\n\t\t\t<div class=\"elementor-widget-wrap elementor-element-populated\">\n\t\t\t\t\t\t<div class=\"elementor-element elementor-element-40952e4a elementor-widget elementor-widget-heading\" data-id=\"40952e4a\" data-element_type=\"widget\" data-widget_type=\"heading.default\">\n\t\t\t\t<div class=\"elementor-widget-container\">\n\t\t\t<h1 class=\"elementor-heading-title elementor-size-default\">Jamaica House 5<\/h1>\t\t<\/div>\n\t\t\t\t<\/div>\n\t\t\t\t\t<\/div>\n\t\t<\/div>\n\t\t\t\t\t<\/div>\n\t\t<\/section>\n\t\t\t\t<section class=\"elementor-section elementor-top-section elementor-element elementor-element-18cf9fd5 elementor-section-boxed elementor-section-height-default elementor-section-height-default\" data-id=\"18cf9fd5\" data-element_type=\"section\">\n\t\t\t\t\t\t<div class=\"elementor-container elementor-column-gap-default\">\n\t\t\t\t\t<div class=\"elementor-column elementor-col-100 elementor-top-column elementor-element elementor-element-d5ecb3c\" data-id=\"d5ecb3c\" data-element_type=\"column\">\n\t\t\t<div class=\"elementor-widget-wrap elementor-element-populated\">\n\t\t\t\t\t\t<div class=\"elementor-element elementor-element-482cda2f elementor-headline--style-highlight elementor-widget elementor-widget-animated-headline\" data-id=\"482cda2f\" data-element_type=\"widget\" data-settings=\"{&quot;marker&quot;:&quot;underline_zigzag&quot;,&quot;highlighted_text&quot;:&quot;disfrutar tu visita a Vallarta&quot;,&quot;headline_style&quot;:&quot;highlight&quot;,&quot;loop&quot;:&quot;yes&quot;,&quot;highlight_animation_duration&quot;:1200,&quot;highlight_iteration_delay&quot;:8000}\" data-widget_type=\"animated-headline.default\">\n\t\t\t\t<div class=\"elementor-widget-container\">\n\t\t\t\t\t<h2 class=\"elementor-headline\">\n\t\t\t\t\t<span class=\"elementor-headline-plain-text elementor-headline-text-wrapper\">The best experience for <\/span>\n\t\t\t\t<span class=\"elementor-headline-dynamic-wrapper elementor-headline-text-wrapper\">\n\t\t\t\t\t<span class=\"elementor-headline-dynamic-text elementor-headline-text-active\">enjoy your visit to Vallarta<\/span>\n\t\t\t\t<\/span>\n\t\t\t\t<\/h2>\n\t\t\t\t<\/div>\n\t\t\t\t<\/div>\n\t\t\t\t\t<\/div>\n\t\t<\/div>\n\t\t\t\t\t<\/div>\n\t\t<\/section>\n\t\t\t\t<section class=\"elementor-section elementor-top-section elementor-element elementor-element-7c1fdedb elementor-section-boxed elementor-section-height-default elementor-section-height-default\" data-id=\"7c1fdedb\" data-element_type=\"section\" data-settings=\"{&quot;background_background&quot;:&quot;classic&quot;}\">\n\t\t\t\t\t\t\t<div class=\"elementor-background-overlay\"><\/div>\n\t\t\t\t\t\t\t<div class=\"elementor-container elementor-column-gap-default\">\n\t\t\t\t\t<div class=\"elementor-column elementor-col-100 elementor-top-column elementor-element elementor-element-283b5840\" data-id=\"283b5840\" data-element_type=\"column\">\n\t\t\t<div class=\"elementor-widget-wrap elementor-element-populated\">\n\t\t\t\t\t\t<section class=\"elementor-section elementor-inner-section elementor-element elementor-element-3eb55b41 elementor-section-boxed elementor-section-height-default elementor-section-height-default\" data-id=\"3eb55b41\" data-element_type=\"section\">\n\t\t\t\t\t\t<div class=\"elementor-container elementor-column-gap-default\">\n\t\t\t\t\t<div class=\"elementor-column elementor-col-33 elementor-inner-column elementor-element elementor-element-677c096\" data-id=\"677c096\" data-element_type=\"column\">\n\t\t\t<div class=\"elementor-widget-wrap elementor-element-populated\">\n\t\t\t\t\t\t<div class=\"elementor-element elementor-element-50fc401e elementor-widget elementor-widget-image\" data-id=\"50fc401e\" data-element_type=\"widget\" data-widget_type=\"image.default\">\n\t\t\t\t<div class=\"elementor-widget-container\">\n\t\t\t\t\t\t\t\t\t\t\t\t\t<img fetchpriority=\"high\" decoding=\"async\" width=\"800\" height=\"567\" src=\"https:\/\/vallartaimhereforyou.com\/wp-content\/uploads\/2024\/09\/Casa5a.jpg\" class=\"attachment-large size-large wp-image-1601\" alt=\"\" srcset=\"https:\/\/vallartaimhereforyou.com\/wp-content\/uploads\/2024\/09\/Casa5a.jpg 1000w, https:\/\/vallartaimhereforyou.com\/wp-content\/uploads\/2024\/09\/Casa5a-300x213.jpg 300w, https:\/\/vallartaimhereforyou.com\/wp-content\/uploads\/2024\/09\/Casa5a-768x545.jpg 768w\" sizes=\"(max-width: 800px) 100vw, 800px\" \/>\t\t\t\t\t\t\t\t\t\t\t\t\t<\/div>\n\t\t\t\t<\/div>\n\t\t\t\t<div class=\"elementor-element elementor-element-5faaacb5 elementor-widget elementor-widget-image\" data-id=\"5faaacb5\" data-element_type=\"widget\" data-widget_type=\"image.default\">\n\t\t\t\t<div class=\"elementor-widget-container\">\n\t\t\t\t\t\t\t\t\t\t\t\t\t<img decoding=\"async\" width=\"768\" height=\"1150\" src=\"https:\/\/vallartaimhereforyou.com\/wp-content\/uploads\/2024\/09\/Casa5F-768x1150.jpg\" class=\"attachment-medium_large size-medium_large wp-image-1606\" alt=\"\" srcset=\"https:\/\/vallartaimhereforyou.com\/wp-content\/uploads\/2024\/09\/Casa5F-768x1150.jpg 768w, https:\/\/vallartaimhereforyou.com\/wp-content\/uploads\/2024\/09\/Casa5F-200x300.jpg 200w, https:\/\/vallartaimhereforyou.com\/wp-content\/uploads\/2024\/09\/Casa5F-684x1024.jpg 684w, https:\/\/vallartaimhereforyou.com\/wp-content\/uploads\/2024\/09\/Casa5F.jpg 1000w\" sizes=\"(max-width: 768px) 100vw, 768px\" \/>\t\t\t\t\t\t\t\t\t\t\t\t\t<\/div>\n\t\t\t\t<\/div>\n\t\t\t\t\t<\/div>\n\t\t<\/div>\n\t\t\t\t<div class=\"elementor-column elementor-col-33 elementor-inner-column elementor-element elementor-element-7b4ef544\" data-id=\"7b4ef544\" data-element_type=\"column\">\n\t\t\t<div class=\"elementor-widget-wrap elementor-element-populated\">\n\t\t\t\t\t\t<div class=\"elementor-element elementor-element-62373e48 elementor-widget elementor-widget-image\" data-id=\"62373e48\" data-element_type=\"widget\" data-widget_type=\"image.default\">\n\t\t\t\t<div class=\"elementor-widget-container\">\n\t\t\t\t\t\t\t\t\t\t\t\t\t<img decoding=\"async\" width=\"768\" height=\"1041\" src=\"https:\/\/vallartaimhereforyou.com\/wp-content\/uploads\/2024\/09\/Casa5e-768x1041.jpg\" class=\"attachment-medium_large size-medium_large wp-image-1605\" alt=\"\" srcset=\"https:\/\/vallartaimhereforyou.com\/wp-content\/uploads\/2024\/09\/Casa5e-768x1041.jpg 768w, https:\/\/vallartaimhereforyou.com\/wp-content\/uploads\/2024\/09\/Casa5e-221x300.jpg 221w, https:\/\/vallartaimhereforyou.com\/wp-content\/uploads\/2024\/09\/Casa5e-756x1024.jpg 756w, https:\/\/vallartaimhereforyou.com\/wp-content\/uploads\/2024\/09\/Casa5e.jpg 1000w\" sizes=\"(max-width: 768px) 100vw, 768px\" \/>\t\t\t\t\t\t\t\t\t\t\t\t\t<\/div>\n\t\t\t\t<\/div>\n\t\t\t\t\t<\/div>\n\t\t<\/div>\n\t\t\t\t<div class=\"elementor-column elementor-col-33 elementor-inner-column elementor-element elementor-element-1331ef2e\" data-id=\"1331ef2e\" data-element_type=\"column\">\n\t\t\t<div class=\"elementor-widget-wrap elementor-element-populated\">\n\t\t\t\t\t\t<div class=\"elementor-element elementor-element-1954cc08 elementor-widget elementor-widget-image\" data-id=\"1954cc08\" data-element_type=\"widget\" data-widget_type=\"image.default\">\n\t\t\t\t<div class=\"elementor-widget-container\">\n\t\t\t\t\t\t\t\t\t\t\t\t\t<img loading=\"lazy\" decoding=\"async\" width=\"768\" height=\"1024\" src=\"https:\/\/vallartaimhereforyou.com\/wp-content\/uploads\/2024\/09\/Casa5d-768x1024.jpg\" class=\"attachment-large size-large wp-image-1604\" alt=\"\" srcset=\"https:\/\/vallartaimhereforyou.com\/wp-content\/uploads\/2024\/09\/Casa5d-768x1025.jpg 768w, https:\/\/vallartaimhereforyou.com\/wp-content\/uploads\/2024\/09\/Casa5d-225x300.jpg 225w, https:\/\/vallartaimhereforyou.com\/wp-content\/uploads\/2024\/09\/Casa5d.jpg 1000w\" sizes=\"(max-width: 768px) 100vw, 768px\" \/>\t\t\t\t\t\t\t\t\t\t\t\t\t<\/div>\n\t\t\t\t<\/div>\n\t\t\t\t\t<\/div>\n\t\t<\/div>\n\t\t\t\t\t<\/div>\n\t\t<\/section>\n\t\t\t\t<div class=\"elementor-element elementor-element-26a7e044 elementor-widget elementor-widget-heading\" data-id=\"26a7e044\" data-element_type=\"widget\" data-widget_type=\"heading.default\">\n\t\t\t\t<div class=\"elementor-widget-container\">\n\t\t\t<h2 class=\"elementor-heading-title elementor-size-default\">Get to know us<\/h2>\t\t<\/div>\n\t\t\t\t<\/div>\n\t\t\t\t<div class=\"elementor-element elementor-element-2ab5e95c elementor-widget elementor-widget-text-editor\" data-id=\"2ab5e95c\" data-element_type=\"widget\" data-widget_type=\"text-editor.default\">\n\t\t\t\t<div class=\"elementor-widget-container\">\n\t\t\t\t\t\t\t<ul><li style=\"text-align: left;\">Bedroom with queen bed and closet.<\/li><li style=\"text-align: left;\">1 bathroom with shower.<\/li><li style=\"text-align: left;\">Kitchen with standard refrigerator and gas stove.<\/li><li style=\"text-align: left;\">Small terrace overlooking the shared patio.<\/li><li style=\"text-align: left;\">Large L-shaped room.<\/li><li style=\"text-align: left;\">Air conditioning in bedroom.<\/li><li style=\"text-align: left;\">Electronic locking system.<\/li><li style=\"text-align: left;\">Shared terrace with pool.<\/li><li style=\"text-align: left;\">Shared roof terrace.<\/li><li style=\"text-align: left;\">Wifi 1000 mb. Smart Tv.<\/li><\/ul><p style=\"text-align: left;\">All Jamaica House apartments are equipped with a coffee maker, pots and pans, cutlery and dishes, as well as an iron and hair dryer.<\/p>\t\t\t\t\t\t<\/div>\n\t\t\t\t<\/div>\n\t\t\t\t\t<\/div>\n\t\t<\/div>\n\t\t\t\t\t<\/div>\n\t\t<\/section>\n\t\t\t\t<section class=\"elementor-section elementor-top-section elementor-element elementor-element-1e92918e elementor-section-boxed elementor-section-height-default elementor-section-height-default\" data-id=\"1e92918e\" data-element_type=\"section\">\n\t\t\t\t\t\t<div class=\"elementor-container elementor-column-gap-default\">\n\t\t\t\t\t<div class=\"elementor-column elementor-col-33 elementor-top-column elementor-element elementor-element-69a18416\" data-id=\"69a18416\" data-element_type=\"column\">\n\t\t\t<div class=\"elementor-widget-wrap elementor-element-populated\">\n\t\t\t\t\t\t<div class=\"elementor-element elementor-element-226e8e56 elementor-widget elementor-widget-image\" data-id=\"226e8e56\" data-element_type=\"widget\" data-widget_type=\"image.default\">\n\t\t\t\t<div class=\"elementor-widget-container\">\n\t\t\t\t\t\t\t\t\t\t\t\t\t<img loading=\"lazy\" decoding=\"async\" width=\"710\" height=\"1024\" src=\"https:\/\/vallartaimhereforyou.com\/wp-content\/uploads\/2024\/09\/Casa5c-710x1024.jpg\" class=\"attachment-large size-large wp-image-1603\" alt=\"\" srcset=\"https:\/\/vallartaimhereforyou.com\/wp-content\/uploads\/2024\/09\/Casa5c-710x1024.jpg 710w, https:\/\/vallartaimhereforyou.com\/wp-content\/uploads\/2024\/09\/Casa5c-208x300.jpg 208w, https:\/\/vallartaimhereforyou.com\/wp-content\/uploads\/2024\/09\/Casa5c-768x1108.jpg 768w, https:\/\/vallartaimhereforyou.com\/wp-content\/uploads\/2024\/09\/Casa5c.jpg 1000w\" sizes=\"(max-width: 710px) 100vw, 710px\" \/>\t\t\t\t\t\t\t\t\t\t\t\t\t<\/div>\n\t\t\t\t<\/div>\n\t\t\t\t\t<\/div>\n\t\t<\/div>\n\t\t\t\t<div class=\"elementor-column elementor-col-33 elementor-top-column elementor-element elementor-element-6187686d\" data-id=\"6187686d\" data-element_type=\"column\">\n\t\t\t<div class=\"elementor-widget-wrap elementor-element-populated\">\n\t\t\t\t\t\t<div class=\"elementor-element elementor-element-1113fcec elementor-widget elementor-widget-image\" data-id=\"1113fcec\" data-element_type=\"widget\" data-widget_type=\"image.default\">\n\t\t\t\t<div class=\"elementor-widget-container\">\n\t\t\t\t\t\t\t\t\t\t\t\t\t<img loading=\"lazy\" decoding=\"async\" width=\"709\" height=\"1024\" src=\"https:\/\/vallartaimhereforyou.com\/wp-content\/uploads\/2024\/09\/Casa5b-709x1024.jpg\" class=\"attachment-large size-large wp-image-1602\" alt=\"\" srcset=\"https:\/\/vallartaimhereforyou.com\/wp-content\/uploads\/2024\/09\/Casa5b-709x1024.jpg 709w, https:\/\/vallartaimhereforyou.com\/wp-content\/uploads\/2024\/09\/Casa5b-208x300.jpg 208w, https:\/\/vallartaimhereforyou.com\/wp-content\/uploads\/2024\/09\/Casa5b-768x1110.jpg 768w, https:\/\/vallartaimhereforyou.com\/wp-content\/uploads\/2024\/09\/Casa5b.jpg 1000w\" sizes=\"(max-width: 709px) 100vw, 709px\" \/>\t\t\t\t\t\t\t\t\t\t\t\t\t<\/div>\n\t\t\t\t<\/div>\n\t\t\t\t\t<\/div>\n\t\t<\/div>\n\t\t\t\t<div class=\"elementor-column elementor-col-33 elementor-top-column elementor-element elementor-element-7c28a816\" data-id=\"7c28a816\" data-element_type=\"column\">\n\t\t\t<div class=\"elementor-widget-wrap elementor-element-populated\">\n\t\t\t\t\t\t<div class=\"elementor-element elementor-element-4d701e3 elementor-widget elementor-widget-image\" data-id=\"4d701e3\" data-element_type=\"widget\" data-widget_type=\"image.default\">\n\t\t\t\t<div class=\"elementor-widget-container\">\n\t\t\t\t\t\t\t\t\t\t\t\t\t<img fetchpriority=\"high\" decoding=\"async\" width=\"800\" height=\"567\" src=\"https:\/\/vallartaimhereforyou.com\/wp-content\/uploads\/2024\/09\/Casa5a.jpg\" class=\"attachment-large size-large wp-image-1601\" alt=\"\" srcset=\"https:\/\/vallartaimhereforyou.com\/wp-content\/uploads\/2024\/09\/Casa5a.jpg 1000w, https:\/\/vallartaimhereforyou.com\/wp-content\/uploads\/2024\/09\/Casa5a-300x213.jpg 300w, https:\/\/vallartaimhereforyou.com\/wp-content\/uploads\/2024\/09\/Casa5a-768x545.jpg 768w\" sizes=\"(max-width: 800px) 100vw, 800px\" \/>\t\t\t\t\t\t\t\t\t\t\t\t\t<\/div>\n\t\t\t\t<\/div>\n\t\t\t\t\t<\/div>\n\t\t<\/div>\n\t\t\t\t\t<\/div>\n\t\t<\/section>\n\t\t\t\t<\/div>","protected":false},"excerpt":{"rendered":"<p>La mejor experiencia para disfrutar tu visita a Vallarta Con\u00f3cenos Dormitorio con cama queen y closet. 1 ba\u00f1o con ducha. Cocina con refrigerador est\u00e1ndar y estufa a gas. Peque\u00f1a terraza con vista al patio compartido. Sala grande en forma de L. Aire acondicionado en dormitorio. Sistema de bloqueo electr\u00f3nico. Patio compartido con piscina. Azotea compartida. [&hellip;]<\/p>","protected":false},"author":3,"featured_media":0,"parent":0,"menu_order":0,"comment_status":"closed","ping_status":"closed","template":"","meta":{"_glsr_average":0,"_glsr_ranking":0,"_glsr_reviews":0,"footnotes":""},"class_list":["post-1593","page","type-page","status-publish","hentry"],"_links":{"self":[{"href":"https:\/\/vallartaimhereforyou.com\/en\/wp-json\/wp\/v2\/pages\/1593"}],"collection":[{"href":"https:\/\/vallartaimhereforyou.com\/en\/wp-json\/wp\/v2\/pages"}],"about":[{"href":"https:\/\/vallartaimhereforyou.com\/en\/wp-json\/wp\/v2\/types\/page"}],"author":[{"embeddable":true,"href":"https:\/\/vallartaimhereforyou.com\/en\/wp-json\/wp\/v2\/users\/3"}],"replies":[{"embeddable":true,"href":"https:\/\/vallartaimhereforyou.com\/en\/wp-json\/wp\/v2\/comments?post=1593"}],"version-history":[{"count":7,"href":"https:\/\/vallartaimhereforyou.com\/en\/wp-json\/wp\/v2\/pages\/1593\/revisions"}],"predecessor-version":[{"id":1609,"href":"https:\/\/vallartaimhereforyou.com\/en\/wp-json\/wp\/v2\/pages\/1593\/revisions\/1609"}],"wp:attachment":[{"href":"https:\/\/vallartaimhereforyou.com\/en\/wp-json\/wp\/v2\/media?parent=1593"}],"curies":[{"name":"wp","href":"https:\/\/api.w.org\/{rel}","templated":true}]}}